{"id":3222,"date":"2017-09-01T08:12:29","date_gmt":"2017-09-01T08:12:29","guid":{"rendered":"http:\/\/www.leca.es\/productos-leca\/concreto\/gestion-planta-hormigon\/traspaso-de-datos\/"},"modified":"2017-11-15T17:42:33","modified_gmt":"2017-11-15T17:42:33","slug":"traspaso-de-datos","status":"publish","type":"page","link":"https:\/\/www.leca.es\/la\/productos-leca\/concreto\/gestion-planta-concreto\/traspaso-de-datos\/","title":{"rendered":"Traspaso de datos"},"content":{"rendered":"<p>[vc_row][vc_column width=&#8221;1\/4&#8243;][vc_wp_custommenu nav_menu=&#8221;9&#8243;][\/vc_column][vc_column width=&#8221;3\/4&#8243;][vc_column_text]<\/p>\n<h2>Programa de traspaso, importaci\u00f3n y exportaci\u00f3n de datos entre programa de planta GestecNET y Programa de Facturacion del cliente<\/h2>\n<p>El programa GestecNET dispone de unas vistas de importaci\u00f3n\/exportaci\u00f3n en formato Microsoft SQL. Puede solicitar informaci\u00f3n de las vistas si desea realizar el proceso de enlace entre su aplicaci\u00f3n de facturaci\u00f3n y el programa GestecNET utilizando las mismas. Nuestra empresa con el fin de cubrir todas las necesidades del cliente que se presenten, ha creado dos aplicaciones externas al programa GestecNET que permiten el traspaso de datos a varios niveles que pueden satisfacer las necesidades previstas.<\/p>\n<h3>Programa Exponet<\/h3>\n<p>El programa ExpoNET es una aplicaci\u00f3n que se entrega e instala junto con el programa de gesti\u00f3n de planta GesteNET y que realiza por petici\u00f3n del usuario una exportaci\u00f3n de gu\u00edas de venta de Concreto y compra de materias primas entre fechas seleccionadas. <a href=\"\/wp-content\/uploads\/2016\/03\/gestion-gestecnet-exponet-principal.jpg\" rel=\"lightbox\" data-rel=\"lightbox-image-0\" data-rl_title=\"\" data-rl_caption=\"\"><img decoding=\"async\" title=\"\" src=\"\/wp-content\/uploads\/2016\/03\/gestion-gestecnet-exponet-principal.jpg\" \/><\/a> En el programa podemos adem\u00e1s seleccionar exportar las gu\u00edas no exportados o todos las guias. El formato y campos a exportar es configurable en el programa y puede ser exportaci\u00f3n a TXT, Excell o Tabla interna SQL. <a href=\"\/wp-content\/uploads\/2016\/03\/programa_exponet_gestecNEt_Leca_big.jpg\" rel=\"lightbox\" data-rel=\"lightbox-image-1\" data-rl_title=\"\" data-rl_caption=\"\"><img decoding=\"async\" title=\"\" src=\"\/wp-content\/uploads\/2016\/03\/programa_exponet_gestecNEt_Leca_big.jpg\" \/><\/a><\/p>\n<h3>Programa SincroNET<\/h3>\n<p>El programa SINCRO-NET est\u00e1 realizado sobre la plataforma .NET de Microsoft y enlaza las tablas en varios formatos seleccionables de tipo Access, SQL, ODBC, entre el programa GesteNET y la aplicaci\u00f3n de gesti\u00f3n del cliente. La sincronizaci\u00f3n de datos se realiza por Internet, Red Local TCP\/IP o GPRS. <a href=\"\/wp-content\/uploads\/2016\/03\/programa_sincronet_leca_gescnet.jpg\" rel=\"lightbox\" data-rel=\"lightbox-image-2\" data-rl_title=\"\" data-rl_caption=\"\"><img decoding=\"async\" class=\"\" title=\"\" src=\"\/wp-content\/uploads\/2016\/03\/programa_sincronet_leca_gescnet.jpg\" \/><\/a> El formato de los campos seleccionados se configuran mediante el empleo de un diccionario de campos que forma parte del sincronizador que relaciona nombres entre tablas de origen y destino en ambos sentidos. Tambi\u00e9n es posible seleccionar el tipo de campo (Num\u00e9rico o Alfanum\u00e9rico o Boleano) y su longitud. <a href=\"\/wp-content\/uploads\/2016\/03\/programa_sincronet_leca_gescnet_pantalla.png\" rel=\"lightbox\" data-rel=\"lightbox-image-3\" data-rl_title=\"\" data-rl_caption=\"\"><img decoding=\"async\" title=\"\" src=\"\/wp-content\/uploads\/2016\/03\/programa_sincronet_leca_gescnet_pantalla.png\" \/><\/a> SINCRONET es la manera m\u00e1s l\u00f3gica de enlazar el programa de planta GESTECNET con tablas en servidor externo (FACTURACI\u00d3N, CALIDAD, ETC.) de tipo Access, SQL, ODBC u otras estructuras compatibles con la plataforma .Net ya que no requiere de personal especializado para parametrizar el programa y conseguir un enlace entre programas sin realizar un gran esfuerzo. Si usted no dispone de medios para parametrizar el programa, nuestro servicio t\u00e9cnico le atender\u00e1 gustosamente.[\/vc_column_text][\/vc_column][\/vc_row]<\/p>\n","protected":false},"excerpt":{"rendered":"<p>[vc_row][vc_column width=&#8221;1\/4&#8243;][vc_wp_custommenu nav_menu=&#8221;9&#8243;][\/vc_column][vc_column width=&#8221;3\/4&#8243;][vc_column_text] Programa de traspaso, importaci\u00f3n y exportaci\u00f3n de datos entre programa de planta GestecNET y Programa de Facturacion del cliente El programa GestecNET dispone de unas vistas de importaci\u00f3n\/exportaci\u00f3n en formato Microsoft SQL. Puede solicitar informaci\u00f3n de las vistas si desea realizar el proceso de enlace entre su aplicaci\u00f3n de facturaci\u00f3n y [&hellip;]<\/p>\n","protected":false},"author":1,"featured_media":0,"parent":3218,"menu_order":0,"comment_status":"closed","ping_status":"closed","template":"","meta":{"footnotes":""},"class_list":["post-3222","page","type-page","status-publish","hentry","invicta_simple_style_entry"],"_links":{"self":[{"href":"https:\/\/www.leca.es\/la\/wp-json\/wp\/v2\/pages\/3222","targetHints":{"allow":["GET"]}}],"collection":[{"href":"https:\/\/www.leca.es\/la\/wp-json\/wp\/v2\/pages"}],"about":[{"href":"https:\/\/www.leca.es\/la\/wp-json\/wp\/v2\/types\/page"}],"author":[{"embeddable":true,"href":"https:\/\/www.leca.es\/la\/wp-json\/wp\/v2\/users\/1"}],"replies":[{"embeddable":true,"href":"https:\/\/www.leca.es\/la\/wp-json\/wp\/v2\/comments?post=3222"}],"version-history":[{"count":1,"href":"https:\/\/www.leca.es\/la\/wp-json\/wp\/v2\/pages\/3222\/revisions"}],"predecessor-version":[{"id":3658,"href":"https:\/\/www.leca.es\/la\/wp-json\/wp\/v2\/pages\/3222\/revisions\/3658"}],"up":[{"embeddable":true,"href":"https:\/\/www.leca.es\/la\/wp-json\/wp\/v2\/pages\/3218"}],"wp:attachment":[{"href":"https:\/\/www.leca.es\/la\/wp-json\/wp\/v2\/media?parent=3222"}],"curies":[{"name":"wp","href":"https:\/\/api.w.org\/{rel}","templated":true}]}}