{"id":3221,"date":"2017-09-01T08:02:58","date_gmt":"2017-09-01T08:02:58","guid":{"rendered":"http:\/\/www.leca.es\/productos-leca\/concreto\/gestion-planta-hormigon\/mantenimiento-de-planta\/"},"modified":"2017-11-15T17:40:03","modified_gmt":"2017-11-15T17:40:03","slug":"mantenimiento-de-planta","status":"publish","type":"page","link":"https:\/\/www.leca.es\/la\/productos-leca\/concreto\/gestion-planta-concreto\/mantenimiento-de-planta\/","title":{"rendered":"Mantenimiento de planta"},"content":{"rendered":"<p>[vc_row][vc_column width=&#8221;1\/4&#8243;][vc_wp_custommenu nav_menu=&#8221;9&#8243;][\/vc_column][vc_column width=&#8221;3\/4&#8243;][vc_column_text]<\/p>\n<h2>Programa Mantenimiento de planta<\/h2>\n<p>El programa de mantenimiento de planta es una opci\u00f3n incluida en el programa GestecNET que permite realizar procesos de mantenimiento a los distintos elementos de la planta est\u00e9n o no automatizados, en funci\u00f3n del n\u00famero de conexiones, del tiempo de conexi\u00f3n o periodos de tiempo para el mismo. Al dar de alta un mantenimiento, el programa nos solicita a las personas o empresas que se debe de avisar al acercarse el proceso de mantenimiento. Si se marca \u201cAvisar al dosificador\u201d aparecer\u00e1 en la pantalla de GesteCNET un icono llave indicando que mantenimiento se debe de realizar. Para mantenimientos que se realicen por personal externo a la empresa, el programa comunica la orden de mantenimiento a los mismos a trav\u00e9s del correo electr\u00f3nico previamente introducido. Todo mantenimiento permite incluir dos documentos: Especificaciones.- Que corresponden a planos, especificaciones de mantenimiento, medidas de seguridad, etc. <strong>Ficha de mantenimiento<\/strong>.- Documento indicativo de procesos realizados y\/ o valores obtenidos en el proceso de \u00a0mantenimiento. Este documento es guardado en el disco duro local y puede ser consultado desde central. <a href=\"\/wp-content\/uploads\/2016\/03\/mantenimiento_de_Planta_gestion_leca.png\" rel=\"lightbox\" data-rel=\"lightbox-image-0\" data-rl_title=\"\" data-rl_caption=\"\"><img decoding=\"async\" class=\"alignnone size-full\" title=\"\" src=\"\/wp-content\/uploads\/2016\/03\/mantenimiento_de_Planta_gestion_leca.png\" width=\"800\" \/><\/a>[\/vc_column_text][\/vc_column][\/vc_row]<\/p>\n","protected":false},"excerpt":{"rendered":"<p>[vc_row][vc_column width=&#8221;1\/4&#8243;][vc_wp_custommenu nav_menu=&#8221;9&#8243;][\/vc_column][vc_column width=&#8221;3\/4&#8243;][vc_column_text] Programa Mantenimiento de planta El programa de mantenimiento de planta es una opci\u00f3n incluida en el programa GestecNET que permite realizar procesos de mantenimiento a los distintos elementos de la planta est\u00e9n o no automatizados, en funci\u00f3n del n\u00famero de conexiones, del tiempo de conexi\u00f3n o periodos de tiempo para el [&hellip;]<\/p>\n","protected":false},"author":1,"featured_media":0,"parent":3218,"menu_order":0,"comment_status":"closed","ping_status":"closed","template":"","meta":{"footnotes":""},"class_list":["post-3221","page","type-page","status-publish","hentry","invicta_simple_style_entry"],"_links":{"self":[{"href":"https:\/\/www.leca.es\/la\/wp-json\/wp\/v2\/pages\/3221","targetHints":{"allow":["GET"]}}],"collection":[{"href":"https:\/\/www.leca.es\/la\/wp-json\/wp\/v2\/pages"}],"about":[{"href":"https:\/\/www.leca.es\/la\/wp-json\/wp\/v2\/types\/page"}],"author":[{"embeddable":true,"href":"https:\/\/www.leca.es\/la\/wp-json\/wp\/v2\/users\/1"}],"replies":[{"embeddable":true,"href":"https:\/\/www.leca.es\/la\/wp-json\/wp\/v2\/comments?post=3221"}],"version-history":[{"count":1,"href":"https:\/\/www.leca.es\/la\/wp-json\/wp\/v2\/pages\/3221\/revisions"}],"predecessor-version":[{"id":3657,"href":"https:\/\/www.leca.es\/la\/wp-json\/wp\/v2\/pages\/3221\/revisions\/3657"}],"up":[{"embeddable":true,"href":"https:\/\/www.leca.es\/la\/wp-json\/wp\/v2\/pages\/3218"}],"wp:attachment":[{"href":"https:\/\/www.leca.es\/la\/wp-json\/wp\/v2\/media?parent=3221"}],"curies":[{"name":"wp","href":"https:\/\/api.w.org\/{rel}","templated":true}]}}