{"id":3220,"date":"2017-09-01T07:48:11","date_gmt":"2017-09-01T07:48:11","guid":{"rendered":"http:\/\/www.leca.es\/productos-leca\/concreto\/gestion-planta-hormigon\/programa-wintime\/"},"modified":"2017-11-15T17:42:33","modified_gmt":"2017-11-15T17:42:33","slug":"programa-wintime","status":"publish","type":"page","link":"https:\/\/www.leca.es\/la\/productos-leca\/concreto\/gestion-planta-concreto\/programa-wintime\/","title":{"rendered":"Programa WinTime"},"content":{"rendered":"<p>[vc_row][vc_column width=&#8221;1\/4&#8243;][vc_wp_custommenu nav_menu=&#8221;9&#8243;][\/vc_column][vc_column width=&#8221;3\/4&#8243;][vc_column_text]<\/p>\n<h2>Programa WinTime<\/h2>\n<p>Para verificar que tanto la producci\u00f3n como los <strong>procesos de descarga y mezclado<\/strong> en una planta de concreto no cambian en el tiempo, no queda m\u00e1s remedio que realizar inspecciones peri\u00f3dicas. Esa inspecci\u00f3n puede hacerse de forma remota empleando el programa WinTime. El programa WinTime es una opci\u00f3n incorporada en el programa MonitPlus que permite una vez puesto en marcha recoger datos del proceso de producci\u00f3n de una planta de concreto. (Formula, pesos, errores de dosificaci\u00f3n, tiempos de conexi\u00f3n y cantidad de conexiones por elemento\u2026), en formato Excel o Access. Los datos recogidos permiten el procesamiento y posterior an\u00e1lisis con m\u00faltiples objetivos, tales como: reducci\u00f3n de los tiempos muertos o en pausa, aumento de la productividad de la planta, ciclos de carga y descarga. Una tabla de conversi\u00f3n que se entrega junto al programa nos permitir\u00e1 transformar esos datos en un diagrama con representaci\u00f3n de los procesos de los diferentes elementos <a href=\"\/wp-content\/uploads\/2016\/03\/cuadro-produccion-programa-wintime-time-excel_b.jpg\" rel=\"lightbox\" data-rel=\"lightbox-image-0\" data-rl_title=\"\" data-rl_caption=\"\"><img class=\"alignnone size-medium title=\"\"\/wp-content\/uploads\/2016\/03\/cuadro-produccion-programa-wintime-time-excel_n.jpg\" \/><\/a>[\/vc_column_text][\/vc_column][\/vc_row]<\/p>\n","protected":false},"excerpt":{"rendered":"<p>[vc_row][vc_column width=&#8221;1\/4&#8243;][vc_wp_custommenu nav_menu=&#8221;9&#8243;][\/vc_column][vc_column width=&#8221;3\/4&#8243;][vc_column_text] Programa WinTime Para verificar que tanto la producci\u00f3n como los procesos de descarga y mezclado en una planta de concreto no cambian en el tiempo, no queda m\u00e1s remedio que realizar inspecciones peri\u00f3dicas. Esa inspecci\u00f3n puede hacerse de forma remota empleando el programa WinTime. El programa WinTime es una opci\u00f3n incorporada [&hellip;]<\/p>\n","protected":false},"author":1,"featured_media":0,"parent":3218,"menu_order":0,"comment_status":"closed","ping_status":"closed","template":"","meta":{"footnotes":""},"class_list":["post-3220","page","type-page","status-publish","hentry","invicta_simple_style_entry"],"_links":{"self":[{"href":"https:\/\/www.leca.es\/la\/wp-json\/wp\/v2\/pages\/3220","targetHints":{"allow":["GET"]}}],"collection":[{"href":"https:\/\/www.leca.es\/la\/wp-json\/wp\/v2\/pages"}],"about":[{"href":"https:\/\/www.leca.es\/la\/wp-json\/wp\/v2\/types\/page"}],"author":[{"embeddable":true,"href":"https:\/\/www.leca.es\/la\/wp-json\/wp\/v2\/users\/1"}],"replies":[{"embeddable":true,"href":"https:\/\/www.leca.es\/la\/wp-json\/wp\/v2\/comments?post=3220"}],"version-history":[{"count":1,"href":"https:\/\/www.leca.es\/la\/wp-json\/wp\/v2\/pages\/3220\/revisions"}],"predecessor-version":[{"id":3656,"href":"https:\/\/www.leca.es\/la\/wp-json\/wp\/v2\/pages\/3220\/revisions\/3656"}],"up":[{"embeddable":true,"href":"https:\/\/www.leca.es\/la\/wp-json\/wp\/v2\/pages\/3218"}],"wp:attachment":[{"href":"https:\/\/www.leca.es\/la\/wp-json\/wp\/v2\/media?parent=3220"}],"curies":[{"name":"wp","href":"https:\/\/api.w.org\/{rel}","templated":true}]}}