{"id":3215,"date":"2017-09-01T07:29:18","date_gmt":"2017-09-01T07:29:18","guid":{"rendered":"http:\/\/www.leca.es\/programa-replik\/"},"modified":"2017-11-15T17:42:33","modified_gmt":"2017-11-15T17:42:33","slug":"programa-replik","status":"publish","type":"page","link":"https:\/\/www.leca.es\/la\/productos-leca\/concreto\/gestion-planta-concreto\/programa-replik\/","title":{"rendered":"Programa Replik"},"content":{"rendered":"<p>[vc_row][vc_column width=&#8221;1\/4&#8243;][vc_wp_custommenu nav_menu=&#8221;9&#8243;][\/vc_column][vc_column width=&#8221;3\/4&#8243;][vc_column_text]<\/p>\n<h2>Programa Replik<\/h2>\n<p>[\/vc_column_text][vc_column_text]<a href=\"\/wp-content\/uploads\/2016\/03\/sistema-gestion-replik-leca-big.jpg\" rel=\"lightbox\" data-rel=\"lightbox-image-0\" data-rl_title=\"\" data-rl_caption=\"\"><img decoding=\"async\" class=\"alignleft\" title=\"\" src=\"\/wp-content\/uploads\/2016\/03\/programa_replika_leca_gestion.jpg\" width=\"360\" \/><\/a>El programa Replik se instala en el servidor de la oficina junto al programa GestecNet y es el encargado de verificar y copiar los datos que se generan en las tablas del programa de planta GesteNET y el programa servidor GesteNET Server que se instala en la oficina central de tal forma que tanto en planta como en el servidor existan los mismos datos. Esto permite mantener las tablas (clientes, obras, formulas, gu\u00edas\u2026.) de los programas GestecNET instalados en las plantas desde el servidor GestecNET Server utilizando conexiones al mismo a trav\u00e9s de la red local de la empresa. Los mantenimientos de las tablas son por tanto realizados en tiempo real \u00a0como si se estuviera operando f\u00edsicamente en la planta de concreto. <a href=\"\/wp-content\/uploads\/2016\/03\/programa_replik_proceso_02.png\" rel=\"lightbox\" data-rel=\"lightbox-image-1\" data-rl_title=\"\" data-rl_caption=\"\"><img decoding=\"async\" class=\"alignleft\" title=\"\" src=\"\/wp-content\/uploads\/2016\/03\/programa_replika_leca_gestion-2.jpg\" width=\"350\" \/><\/a>Mientras no haya ning\u00fan fallo de conexi\u00f3n entre la planta y la oficina central, los datos generados en la planta se replican a la base de datos de la central y a la inversa. En caso de fallo de conexi\u00f3n, la planta sigue trabajando aliment\u00e1ndose de sus datos en local y al volver a reestablecerse la comunicaci\u00f3n se produce una actualizaci\u00f3n autom\u00e1tica de los datos tanto en planta como en central.[\/vc_column_text][\/vc_column][\/vc_row]<\/p>\n","protected":false},"excerpt":{"rendered":"<p>[vc_row][vc_column width=&#8221;1\/4&#8243;][vc_wp_custommenu nav_menu=&#8221;9&#8243;][\/vc_column][vc_column width=&#8221;3\/4&#8243;][vc_column_text] Programa Replik [\/vc_column_text][vc_column_text]El programa Replik se instala en el servidor de la oficina junto al programa GestecNet y es el encargado de verificar y copiar los datos que se generan en las tablas del programa de planta GesteNET y el programa servidor GesteNET Server que se instala en la oficina central [&hellip;]<\/p>\n","protected":false},"author":1,"featured_media":0,"parent":3218,"menu_order":0,"comment_status":"closed","ping_status":"closed","template":"","meta":{"footnotes":""},"class_list":["post-3215","page","type-page","status-publish","hentry","invicta_simple_style_entry"],"_links":{"self":[{"href":"https:\/\/www.leca.es\/la\/wp-json\/wp\/v2\/pages\/3215","targetHints":{"allow":["GET"]}}],"collection":[{"href":"https:\/\/www.leca.es\/la\/wp-json\/wp\/v2\/pages"}],"about":[{"href":"https:\/\/www.leca.es\/la\/wp-json\/wp\/v2\/types\/page"}],"author":[{"embeddable":true,"href":"https:\/\/www.leca.es\/la\/wp-json\/wp\/v2\/users\/1"}],"replies":[{"embeddable":true,"href":"https:\/\/www.leca.es\/la\/wp-json\/wp\/v2\/comments?post=3215"}],"version-history":[{"count":1,"href":"https:\/\/www.leca.es\/la\/wp-json\/wp\/v2\/pages\/3215\/revisions"}],"predecessor-version":[{"id":3654,"href":"https:\/\/www.leca.es\/la\/wp-json\/wp\/v2\/pages\/3215\/revisions\/3654"}],"up":[{"embeddable":true,"href":"https:\/\/www.leca.es\/la\/wp-json\/wp\/v2\/pages\/3218"}],"wp:attachment":[{"href":"https:\/\/www.leca.es\/la\/wp-json\/wp\/v2\/media?parent=3215"}],"curies":[{"name":"wp","href":"https:\/\/api.w.org\/{rel}","templated":true}]}}