{"id":3199,"date":"2017-08-30T02:07:09","date_gmt":"2017-08-30T02:07:09","guid":{"rendered":"http:\/\/www.leca.es\/celulas-y-contadores\/"},"modified":"2017-11-17T11:28:16","modified_gmt":"2017-11-17T11:28:16","slug":"celulas-y-contadores","status":"publish","type":"page","link":"https:\/\/www.leca.es\/la\/productos-leca\/concreto\/automatizacion-planta-hormigon\/celulas-y-contadores\/","title":{"rendered":"Celulas y contadores"},"content":{"rendered":"<p>[vc_row][vc_column width=&#8221;1\/4&#8243;][vc_wp_custommenu nav_menu=&#8221;3&#8243;][vc_separator][\/vc_column][vc_column width=&#8221;3\/4&#8243;][vc_text_separator title=&#8221;C\u00e9lulas de carga&#8221; title_align=&#8221;separator_align_left&#8221;][vc_row_inner][vc_column_inner width=&#8221;1\/2&#8243;][vc_column_text]<strong>Campos de aplicaci\u00f3n<\/strong><\/p>\n<ul>\n<li>Todo Tipo de tolvas pesadoras.<\/li>\n<\/ul>\n<p><strong>Caracter\u00edsticas T\u00e9cnicas<\/strong><\/p>\n<ul>\n<li>Alimentaci\u00f3n max. 15 Vols. C.C.<\/li>\n<li>Sensibilidad 2 mv. \/ V.<\/li>\n<li>Salida m\u00e1xima 25Mv.<\/li>\n<li>Resistencia entrada\/salida 372 \/ 350 Ohms.<\/li>\n<li>Rotura c\u00e9lulas 400 % C.N.<\/li>\n<\/ul>\n<p>[\/vc_column_text][\/vc_column_inner][vc_column_inner width=&#8221;1\/2&#8243;][vc_column_text]<a href=\"\/wp-content\/uploads\/2016\/01\/medidor_de_humedad_leca2.png\" rel=\"lightbox\" data-rel=\"lightbox-image-0\" data-rl_title=\"\" data-rl_caption=\"\"><img loading=\"lazy\" decoding=\"async\" class=\"alignnone size-full\" title=\"\" src=\"\/wp-content\/uploads\/2016\/01\/medidor_de_humedad_leca2.png\" width=\"140\" height=\"106\" \/><\/a>[\/vc_column_text][\/vc_column_inner][\/vc_row_inner][vc_column_text]<strong>Modelos<\/strong><\/p>\n<ul>\n<li><strong>CCFULL<\/strong>.- C\u00e9lulas de carga tipo fuelle para capacidades de pesaje de 30 a 1500 Kilogramos.<\/li>\n<li><strong>TL1<\/strong>.- C\u00e9lulas de carga de tipo prism\u00e1tico para capacidades de pesaje de 300, 500 y 1000 Kilogramos.<\/li>\n<li><strong>TL2<\/strong>.- C\u00e9lulas de carga de tipo prism\u00e1tico para capacidades de pesaje de 2000 y 3000 Y 5000 Kilogramos.<\/li>\n<\/ul>\n<p>[\/vc_column_text][vc_text_separator title=&#8221;Contadores de L\u00edquidos&#8221; title_align=&#8221;separator_align_left&#8221;][vc_row_inner][vc_column_inner width=&#8221;1\/2&#8243;][vc_column_text]<strong>Campos de aplicaci\u00f3n<\/strong><\/p>\n<ul>\n<li>Todo tipo de instalaciones donde se precise contar l\u00edquidos.<\/li>\n<\/ul>\n<p><strong>Caracter\u00edsticas T\u00e9cnicas<\/strong><\/p>\n<ul>\n<li>Contadores para varios tipos de l\u00edquidos con resoluciones desde 0,01 Imp. \/litro hasta 100 Imp. \/litro y secciones desde 1\/4\u201d a 4\u201d.<\/li>\n<\/ul>\n<p>[\/vc_column_text][\/vc_column_inner][vc_column_inner width=&#8221;1\/2&#8243;][vc_single_image image=&#8221;4057&#8243; img_size=&#8221;full&#8221; border_color=&#8221;grey&#8221; img_link_target=&#8221;_self&#8221;][\/vc_column_inner][\/vc_row_inner][\/vc_column][\/vc_row]<\/p>\n","protected":false},"excerpt":{"rendered":"<p>[vc_row][vc_column width=&#8221;1\/4&#8243;][vc_wp_custommenu nav_menu=&#8221;3&#8243;][vc_separator][\/vc_column][vc_column width=&#8221;3\/4&#8243;][vc_text_separator title=&#8221;C\u00e9lulas de carga&#8221; title_align=&#8221;separator_align_left&#8221;][vc_row_inner][vc_column_inner width=&#8221;1\/2&#8243;][vc_column_text]Campos de aplicaci\u00f3n Todo Tipo de tolvas pesadoras. Caracter\u00edsticas T\u00e9cnicas Alimentaci\u00f3n max. 15 Vols. C.C. Sensibilidad 2 mv. \/ V. Salida m\u00e1xima 25Mv. Resistencia entrada\/salida 372 \/ 350 Ohms. Rotura c\u00e9lulas 400 % C.N. [\/vc_column_text][\/vc_column_inner][vc_column_inner width=&#8221;1\/2&#8243;][vc_column_text][\/vc_column_text][\/vc_column_inner][\/vc_row_inner][vc_column_text]Modelos CCFULL.- C\u00e9lulas de carga tipo fuelle para capacidades de pesaje de [&hellip;]<\/p>\n","protected":false},"author":13,"featured_media":0,"parent":3211,"menu_order":0,"comment_status":"closed","ping_status":"closed","template":"","meta":{"footnotes":""},"class_list":["post-3199","page","type-page","status-publish","hentry","invicta_simple_style_entry"],"_links":{"self":[{"href":"https:\/\/www.leca.es\/la\/wp-json\/wp\/v2\/pages\/3199","targetHints":{"allow":["GET"]}}],"collection":[{"href":"https:\/\/www.leca.es\/la\/wp-json\/wp\/v2\/pages"}],"about":[{"href":"https:\/\/www.leca.es\/la\/wp-json\/wp\/v2\/types\/page"}],"author":[{"embeddable":true,"href":"https:\/\/www.leca.es\/la\/wp-json\/wp\/v2\/users\/13"}],"replies":[{"embeddable":true,"href":"https:\/\/www.leca.es\/la\/wp-json\/wp\/v2\/comments?post=3199"}],"version-history":[{"count":2,"href":"https:\/\/www.leca.es\/la\/wp-json\/wp\/v2\/pages\/3199\/revisions"}],"predecessor-version":[{"id":4060,"href":"https:\/\/www.leca.es\/la\/wp-json\/wp\/v2\/pages\/3199\/revisions\/4060"}],"up":[{"embeddable":true,"href":"https:\/\/www.leca.es\/la\/wp-json\/wp\/v2\/pages\/3211"}],"wp:attachment":[{"href":"https:\/\/www.leca.es\/la\/wp-json\/wp\/v2\/media?parent=3199"}],"curies":[{"name":"wp","href":"https:\/\/api.w.org\/{rel}","templated":true}]}}