{"id":3195,"date":"2017-08-30T01:46:42","date_gmt":"2017-08-30T01:46:42","guid":{"rendered":"http:\/\/www.leca.es\/consistencia-del-concreto\/"},"modified":"2017-11-15T17:40:02","modified_gmt":"2017-11-15T17:40:02","slug":"consistencia-del-concreto","status":"publish","type":"page","link":"https:\/\/www.leca.es\/la\/productos-leca\/concreto\/automatizacion-planta-hormigon\/consistencia-del-concreto\/","title":{"rendered":"Consistencia del Concreto"},"content":{"rendered":"<p>[vc_row][vc_column width=&#8221;1\/4&#8243;][vc_wp_custommenu nav_menu=&#8221;3&#8243;][vc_separator][\/vc_column][vc_column width=&#8221;3\/4&#8243;][vc_column_text css_animation=&#8221;left-to-right&#8221;]<\/p>\n<h2>Equipo Medidor de la consistencia del concreto MCH-2005 M<\/h2>\n<p><a href=\"\/wp-content\/uploads\/2016\/01\/controlador-medicion-consistencia-hormigon-leca.png\" rel=\"lightbox\" data-rel=\"lightbox-image-0\" data-rl_title=\"\" data-rl_caption=\"\"><img loading=\"lazy\" decoding=\"async\" class=\"alignleft\" title=\"\" src=\"\/wp-content\/uploads\/2016\/01\/controlador-medicion-consistencia-hormigon-leca.png\" width=\"250\" height=\"126\" \/><\/a>El equipo\u00a0<strong>MCH-2005 M<\/strong>\u00a0es un indicador de la plasticidad de alta precisi\u00f3n del concreto que funciona midiendo un intervalo de la potencia consumida por el motor de la amasadora. Dispone de dos ajustes de escala independientes por canal (tara y ganancia) que permiten preseleccionar dos tipos de concreto o vol\u00famenes diferentes. En el equipo se selecciona para la indicaci\u00f3n, la parte de la escala de potencia del motor correspondiente al margen de consistencia correcta del concreto y \u00e9sta es amplificada con el fin de que se aprecien lo mejor posible las variaciones de plasticidad del mismo. Para evitar las fluctuaciones de la medida debidas al movimiento del concreto en la amasadora, el equipo dispone de un filtro digital ajustable por el usuario.[\/vc_column_text][vc_text_separator title=&#8221;Caracter\u00edsticas T\u00e9cnicas&#8221; title_align=&#8221;separator_align_left&#8221;][vc_column_text]<\/p>\n<ul>\n<li>Lectura continua de la consistencia del concreto<\/li>\n<li>Ajuste del cero de la medida<\/li>\n<li>Ajuste de la ganancia del equipo<\/li>\n<li>Ajuste de la oscilaci\u00f3n de la medida<\/li>\n<li>Visualizaci\u00f3n para dos vol\u00famenes de concreto (MCH-2005\/M)<\/li>\n<li>Peso aprox.: 1.800 g<\/li>\n<li>Medidas m\u00e1ximas: 288 x 145 x 128 mm<\/li>\n<li>Alimentaci\u00f3n: 220 Vac<\/li>\n<li>Consumo: 120mA<\/li>\n<\/ul>\n<p>[\/vc_column_text][\/vc_column][\/vc_row]<\/p>\n","protected":false},"excerpt":{"rendered":"<p>[vc_row][vc_column width=&#8221;1\/4&#8243;][vc_wp_custommenu nav_menu=&#8221;3&#8243;][vc_separator][\/vc_column][vc_column width=&#8221;3\/4&#8243;][vc_column_text css_animation=&#8221;left-to-right&#8221;] Equipo Medidor de la consistencia del concreto MCH-2005 M El equipo\u00a0MCH-2005 M\u00a0es un indicador de la plasticidad de alta precisi\u00f3n del concreto que funciona midiendo un intervalo de la potencia consumida por el motor de la amasadora. Dispone de dos ajustes de escala independientes por canal (tara y ganancia) que [&hellip;]<\/p>\n","protected":false},"author":1,"featured_media":0,"parent":3211,"menu_order":0,"comment_status":"closed","ping_status":"closed","template":"","meta":{"footnotes":""},"class_list":["post-3195","page","type-page","status-publish","hentry","invicta_simple_style_entry"],"_links":{"self":[{"href":"https:\/\/www.leca.es\/la\/wp-json\/wp\/v2\/pages\/3195","targetHints":{"allow":["GET"]}}],"collection":[{"href":"https:\/\/www.leca.es\/la\/wp-json\/wp\/v2\/pages"}],"about":[{"href":"https:\/\/www.leca.es\/la\/wp-json\/wp\/v2\/types\/page"}],"author":[{"embeddable":true,"href":"https:\/\/www.leca.es\/la\/wp-json\/wp\/v2\/users\/1"}],"replies":[{"embeddable":true,"href":"https:\/\/www.leca.es\/la\/wp-json\/wp\/v2\/comments?post=3195"}],"version-history":[{"count":1,"href":"https:\/\/www.leca.es\/la\/wp-json\/wp\/v2\/pages\/3195\/revisions"}],"predecessor-version":[{"id":3648,"href":"https:\/\/www.leca.es\/la\/wp-json\/wp\/v2\/pages\/3195\/revisions\/3648"}],"up":[{"embeddable":true,"href":"https:\/\/www.leca.es\/la\/wp-json\/wp\/v2\/pages\/3211"}],"wp:attachment":[{"href":"https:\/\/www.leca.es\/la\/wp-json\/wp\/v2\/media?parent=3195"}],"curies":[{"name":"wp","href":"https:\/\/api.w.org\/{rel}","templated":true}]}}