{"id":3185,"date":"2017-08-30T00:53:23","date_gmt":"2017-08-30T00:53:23","guid":{"rendered":"http:\/\/www.leca.es\/pesaje-y-automatizacion\/"},"modified":"2017-11-22T15:30:53","modified_gmt":"2017-11-22T15:30:53","slug":"pesaje-y-automatizacion","status":"publish","type":"page","link":"https:\/\/www.leca.es\/la\/productos-leca\/concreto\/automatizacion-planta-hormigon\/pesaje-y-automatizacion\/","title":{"rendered":"Pesaje y automatizaci\u00f3n"},"content":{"rendered":"<p>[vc_row][vc_column width=&#8221;1\/4&#8243;][vc_wp_custommenu nav_menu=&#8221;3&#8243;][vc_separator][\/vc_column][vc_column width=&#8221;3\/4&#8243;][vc_column_text]<\/p>\n<h2>Equipo Dosificador y Controlador de Planta de Concreto modelo CANTABRIA<\/h2>\n<p>Los equipos de la serie <strong>Cantabria<\/strong> en sus distintos modelos se caracterizan por ser totalmente configurables, por lo que no existe dependencia t\u00e9cnica entre nuestra empresa y el usuario final para instalarlo en una planta o simplemente ampliar el <strong>automatismo<\/strong> de la misma. (A\u00f1adir un cemento, un agua,\u00a0 o un aditivo o una amasadora).[\/vc_column_text][vc_row_inner][vc_column_inner width=&#8221;1\/3&#8243;][vc_column_text]<a href=\"\/wp-content\/uploads\/2016\/01\/pesaje-y-automatizacion-controlador-de-planta-hormigon-leca.jpg\" rel=\"lightbox\" data-rel=\"lightbox-image-0\" data-rl_title=\"\" data-rl_caption=\"\"><img decoding=\"async\" title=\"\" src=\"\/wp-content\/uploads\/2016\/01\/pesaje-y-automatizacion-controlador-de-planta-hormigon-leca.jpg\" \/><\/a>[\/vc_column_text][\/vc_column_inner][vc_column_inner width=&#8221;1\/3&#8243;][vc_column_text]<a href=\"\/wp-content\/uploads\/2016\/01\/pesaje-y-automatizacion-gestion-controlador-planta-hormigon-leca-01.jpg\" rel=\"lightbox\" data-rel=\"lightbox-image-1\" data-rl_title=\"\" data-rl_caption=\"\"><img decoding=\"async\" title=\"\" src=\"\/wp-content\/uploads\/2016\/01\/pesaje-y-automatizacion-gestion-controlador-planta-hormigon-leca-01.jpg\" \/><\/a>[\/vc_column_text][\/vc_column_inner][vc_column_inner width=&#8221;1\/3&#8243;][vc_column_text]<a href=\"\/wp-content\/uploads\/2016\/01\/pesaje-y-automatizacion-gestion-controlador-planta-hormigon-leca-02.jpg\" rel=\"lightbox\" data-rel=\"lightbox-image-2\" data-rl_title=\"\" data-rl_caption=\"\"><img decoding=\"async\" title=\"\" src=\"\/wp-content\/uploads\/2016\/01\/pesaje-y-automatizacion-gestion-controlador-planta-hormigon-leca-02.jpg\" \/><\/a>[\/vc_column_text][\/vc_column_inner][\/vc_row_inner][vc_column_text]Cualquier planta de concreto incluyendo plantas con amasado y\/o sistema de llenado de los silos de \u00e1ridos es configurable en el equipo. La configuraci\u00f3n se realiza empleando el programa Wconfig que se entrega con el equipo junto al programa de sin\u00f3ptico y monitorizaci\u00f3n de planta Monit-Plus.<\/p>\n<p><a href=\"\/wp-content\/uploads\/2016\/09\/Aparelho-Cantabria-leca.png\" rel=\"lightbox\" data-rel=\"lightbox-image-3\" data-rl_title=\"\" data-rl_caption=\"\"><img loading=\"lazy\" decoding=\"async\" class=\"size-full wp-image-2974 alignright\" title=\"\" src=\"\/wp-content\/uploads\/2016\/09\/Aparelho-Cantabria-leca-768x514.png\" alt=\"\" width=\"295\" height=\"197\" \/><\/a>El equipo Cantabria dispone de hasta ocho canales de dosificaci\u00f3n que pueden ser seleccionados por el usuario mediante el programa Wconfig para trabajar como balanza acumulativa, balanza decremental, canal multicontador, o dosificador volum\u00e9trico. (Ver modelos y caracter\u00edsticas al pie).<\/p>\n<p>Cada canal admite la automatizaci\u00f3n de hasta doce productos con control de carga por ajuste fino de dosificaci\u00f3n y vibradores independientes por producto con selecci\u00f3n del caudal m\u00ednimo de carga para iniciar su activaci\u00f3n de forma continua o intermitente seg\u00fan selecci\u00f3n.<\/p>\n<p>El equipo puede trabajar de modo aut\u00f3nomo o conectado a programa de gesti\u00f3n. En el modo aut\u00f3nomo puede conectarse al m\u00f3dulo CIEX-2016 que gobierna una impresora y un teclado para conseguir la impresi\u00f3n de las gu\u00edas y consumos de carga. Estas gu\u00edas son guardadas en el equipo CIEX-2016 y pueden ser exportadas a USB en varios formatos seleccionables por el usuario.<\/p>\n<p><a href=\"\/wp-content\/uploads\/2016\/01\/gestion-controlador-cantabria-leca-automatizacion-IO.png\" rel=\"lightbox1\" data-rel=\"lightbox-image-4\" data-rl_title=\"\" data-rl_caption=\"\"><img loading=\"lazy\" decoding=\"async\" class=\"alignleft\" title=\"\" src=\"\/wp-content\/uploads\/2016\/01\/gestion-controlador-cantabria-leca-automatizacion-IO-300x163.png\" width=\"203\" height=\"88\" \/><\/a>En instalaciones donde por la cantidad de elementos a controlar se necesiten m\u00e1s de 24 entradas o 32 salidas como ofrece el\u00a0 equipo CANTABRIA, el equipo es ampliable mediante los m\u00f3dulos externos I\/O.<\/p>\n<p><strong>MEC-200<\/strong> &#8211; Modulo de 32 entradas.<br \/>\n<strong>MSC-200<\/strong> \u2013 m\u00f3dulo de 16 salidas.<\/p>\n<p>El equipo <strong>CANTABRIA<\/strong>, puede ser integrado en una red local empleando el m\u00f3dulo <strong>MCR-2008<\/strong> pudiendo as\u00ed manejar el equipo desde cualquier PC. Si se dispone de conexi\u00f3n a Internet,\u00a0 se puede acceder a \u00e9l de forma remota y realizar diferentes acciones de mantenimiento: Calibraci\u00f3n balanzas, recuperaci\u00f3n de la configuraci\u00f3n del equipo, mantenimientos remotos, etc.[\/vc_column_text][vc_text_separator title=&#8221;Caracter\u00edsticas equipos serie Cantabria &#8221; title_align=&#8221;separator_align_left&#8221;][vc_row_inner][vc_column_inner width=&#8221;1\/3&#8243;][vc_column_text]<\/p>\n<h5>Cantabria CA.2000 L4<\/h5>\n<p><img decoding=\"async\" class=\"codenegar-ctt-element codenegar-image-hover \" src=\"http:\/\/www.leca.es\/wp-content\/uploads\/2016\/01\/pesaje-automatizacion-cantabria-ca-2000-L4-leca.png\" alt=\"Cantabria CA.2000 L4\" id=\"cn-cct-1959\" data-ctt-id=\"1959\" data-funcease=\"easeInOutQuad\" data-theme=\"blue\" data-animation-speed=\"200\" data-remove-delay=\"2000\" data-preferredposition=\"top\" data-enable-css-animations=\"\" data-show-css-animation=\"fadeIn\" data-hide-css-animation=\"fadeOut\" data-source=\"html\" data-min-width=\"20\" data-max-width=\"500\" data-popup-y-offset=\"0\" data-popup-offset=\"31\" data-hide-on-popup-click=\"\" data-hide-on-trigger-click=\"\" data-hide-trigger=\"\" data-trigger-on-click=\"\" data-invert-animation=\"\" data-popup-distance=\"20\"  \/><div class=\"smallipopHint\" style=\"display:none;\"> <span id=\"data-cn-cct-1959\" class=\"data-cn-cct\"><p>\u2022 Equipo pensado para grandes centrales de hormig\u00f3n, mortero, \u00e1ridos o prefabricados de Hormig\u00f3n.<\/p>\r\n\r\n<p>\u2022 Ocho canales de dosificaci\u00f3n seleccionables como b\u00e1scula acumulativa, b\u00e1scula decremental, canal multicontador, o dosificador volum\u00e9trico.<\/p>\r\n\r\n<p>\u2022 Doce productos por canal con control de carga con ajuste fino de dosificaci\u00f3n<\/p>\r\n\r\n<p>\u2022 Vibradores independientes por producto y b\u00e1scula con activaci\u00f3n autom\u00e1tica en funci\u00f3n del caudal de carga<\/p>\r\n\r\n<p>\u2022 Automatizaci\u00f3n del proceso de amasado y descarga de hasta dos amasadoras con dos compuertas de descarga cada una<\/p>\r\n\r\n<p>\u2022 Automatizaci\u00f3n de la v\u00eda de descarga por selecci\u00f3n de la misma desde el programa de gesti\u00f3n<\/p>\r\n\r\n<p>\u2022 Nueve peticiones de fabricaci\u00f3n remotas<\/p>\r\n\r\n<p>\u2022 Automatizaci\u00f3n de cintas o vagonetas de transporte del hormig\u00f3n a diferentes puestos de trabajo<\/p>\r\n\r\n<p>\u2022 Automatizaci\u00f3n del llenado de silos de \u00e1ridos<\/p>\r\n\r\n&nbsp;\r\n\r\n<p>Nota: El equipo no trabaja en aut\u00f3nomo. <strong>Solo <\/strong>puede trabajar conectado a programa de gesti\u00f3n. MorterWin, PrefWin o GestecNET.<\/p> <\/span> <\/div>[\/vc_column_text][\/vc_column_inner][vc_column_inner width=&#8221;1\/3&#8243;][vc_column_text]<\/p>\n<h5>Cantabria CA.2000 L5<\/h5>\n<p><img decoding=\"async\" class=\"codenegar-ctt-element codenegar-image-hover \" src=\"http:\/\/www.leca.es\/wp-content\/uploads\/2016\/01\/pesaje-automatizacion-cantabria-ca-2000-L5-leca.png\" alt=\"Cantabria CA.2000 L5\" id=\"cn-cct-1962\" data-ctt-id=\"1962\" data-funcease=\"easeInOutQuad\" data-theme=\"blue fatShadow\" data-animation-speed=\"200\" data-remove-delay=\"2000\" data-preferredposition=\"top\" data-enable-css-animations=\"\" data-show-css-animation=\"fadeIn\" data-hide-css-animation=\"fadeOut\" data-source=\"html\" data-min-width=\"20\" data-max-width=\"500\" data-popup-y-offset=\"0\" data-popup-offset=\"31\" data-hide-on-popup-click=\"\" data-hide-on-trigger-click=\"\" data-hide-trigger=\"\" data-trigger-on-click=\"\" data-invert-animation=\"\" data-popup-distance=\"20\"  \/><div class=\"smallipopHint\" style=\"display:none;\"> <span id=\"data-cn-cct-1962\" class=\"data-cn-cct\"><p>\u2022 Cuatro canales de dosificaci\u00f3n seleccionables como b\u00e1scula acumulativa, b\u00e1scula decremental, canal multicontador, o dosificador volum\u00e9trico.<\/p>\r\n\r\n<p>\u2022 Seis productos con control de carga con ajuste fino de dosificaci\u00f3n.<\/p>\r\n\r\n<p>\u2022 Vibradores independientes por producto y b\u00e1scula con activaci\u00f3n autom\u00e1tica en funci\u00f3n del caudal de carga.<\/p>\r\n\r\n<p>\u2022 Automatizaci\u00f3n del proceso de amasado y descarga de la misma con dos compuertas de descarga cada una.<\/p>\r\n\r\n<p>\u2022 Selecci\u00f3n desde el programa de gesti\u00f3n de descarga por v\u00eda seca o amasado.<\/p>\r\n\r\n<p>\u2022 Nueve peticiones de fabricaci\u00f3n remotas.<\/p>\r\n\r\n<p>\u2022 Automatizaci\u00f3n del llenado de silos de \u00e1ridos<\/p>\r\n\r\n<p>\u2022 Forma de trabajo con o sin programa de gesti\u00f3n conectado.<\/p>\r\n\r\n<p>\u2022 Conexi\u00f3n con programa de gesti\u00f3n. MorterWin, PrefWin o GestecNET<\/p>\r\n\r\n<p>\u2022 En aut\u00f3nomo, Gesti\u00f3n e impresi\u00f3n de ficheros de clientes, obras, camiones. Impresi\u00f3n del albar\u00e1n de carga.<\/p>\r\n\r\n<p>\u2022 Impresi\u00f3n de consumos. Exportaci\u00f3n de Albaranes y consumos.<\/p> <\/span> <\/div>[\/vc_column_text][\/vc_column_inner][vc_column_inner width=&#8221;1\/3&#8243;][vc_column_text]<\/p>\n<h5>Cantabria CA.2000 L6<\/h5>\n<p><img decoding=\"async\" class=\"codenegar-ctt-element codenegar-image-hover \" src=\"http:\/\/www.leca.es\/wp-content\/uploads\/2016\/01\/pesaje-automatizacion-cantabria-ca-2000-L6-leca.png\" alt=\"Cantabria CA.2000 L6\" id=\"cn-cct-1965\" data-ctt-id=\"1965\" data-funcease=\"easeInOutQuad\" data-theme=\"blue\" data-animation-speed=\"200\" data-remove-delay=\"2000\" data-preferredposition=\"top\" data-enable-css-animations=\"\" data-show-css-animation=\"fadeIn\" data-hide-css-animation=\"fadeOut\" data-source=\"html\" data-min-width=\"20\" data-max-width=\"500\" data-popup-y-offset=\"0\" data-popup-offset=\"31\" data-hide-on-popup-click=\"\" data-hide-on-trigger-click=\"\" data-hide-trigger=\"\" data-trigger-on-click=\"\" data-invert-animation=\"\" data-popup-distance=\"20\"  \/><div class=\"smallipopHint\" style=\"display:none;\"> <span id=\"data-cn-cct-1965\" class=\"data-cn-cct\"><p>\u2022 Seis canales de dosificaci\u00f3n seleccionables cuatro como b\u00e1scula acumulativa, b\u00e1scula decremental, canal multicontador, o dosificador volum\u00e9trico y dos canales m\u00e1s trabajando como canales multicontadores.<\/p>\r\n<p>\u2022 Seis productos con control de carga con ajuste fino de dosificaci\u00f3n.<\/p>\r\n<p>\u2022 Vibradores independientes por producto y b\u00e1scula con activaci\u00f3n autom\u00e1tica en funci\u00f3n del caudal de carga.<\/p>\r\n<p>\u2022 Automatizaci\u00f3n del proceso de amasado y descarga de la misma con dos compuertas de descarga cada una.<\/p>\r\n<p>\u2022 Selecci\u00f3n desde el programa de gesti\u00f3n de descarga por v\u00eda seca o amasado.<\/p>\r\n<p>\u2022 Nueve peticiones de fabricaci\u00f3n remotas. <\/p>\r\n<p>\u2022 Automatizaci\u00f3n del llenado de silos de \u00e1ridos<\/p>\r\n<p>\u2022 Forma de trabajo con o sin programa de gesti\u00f3n conectado<\/p>\r\n<p>\u2022 Conexi\u00f3n con programa de gesti\u00f3n. MorterWin, PrefWin o GestecNET.  <\/p>\r\n<p>\u2022 En aut\u00f3nomo, Gesti\u00f3n e impresi\u00f3n de ficheros de clientes, obras, camiones. Impresi\u00f3n del albar\u00e1n de carga. <\/p><p>\u2022 Impresi\u00f3n de consumos. Exportaci\u00f3n de Albaranes y consumos.<\/p>\r\n <\/span> <\/div>[\/vc_column_text][\/vc_column_inner][\/vc_row_inner][\/vc_column][\/vc_row]<\/p>\n","protected":false},"excerpt":{"rendered":"<p>[vc_row][vc_column width=&#8221;1\/4&#8243;][vc_wp_custommenu nav_menu=&#8221;3&#8243;][vc_separator][\/vc_column][vc_column width=&#8221;3\/4&#8243;][vc_column_text] Equipo Dosificador y Controlador de Planta de Concreto modelo CANTABRIA Los equipos de la serie Cantabria en sus distintos modelos se caracterizan por ser totalmente configurables, por lo que no existe dependencia t\u00e9cnica entre nuestra empresa y el usuario final para instalarlo en una planta o simplemente ampliar el automatismo de [&hellip;]<\/p>\n","protected":false},"author":13,"featured_media":0,"parent":3211,"menu_order":0,"comment_status":"closed","ping_status":"closed","template":"","meta":{"footnotes":""},"class_list":["post-3185","page","type-page","status-publish","hentry","invicta_simple_style_entry"],"_links":{"self":[{"href":"https:\/\/www.leca.es\/la\/wp-json\/wp\/v2\/pages\/3185","targetHints":{"allow":["GET"]}}],"collection":[{"href":"https:\/\/www.leca.es\/la\/wp-json\/wp\/v2\/pages"}],"about":[{"href":"https:\/\/www.leca.es\/la\/wp-json\/wp\/v2\/types\/page"}],"author":[{"embeddable":true,"href":"https:\/\/www.leca.es\/la\/wp-json\/wp\/v2\/users\/13"}],"replies":[{"embeddable":true,"href":"https:\/\/www.leca.es\/la\/wp-json\/wp\/v2\/comments?post=3185"}],"version-history":[{"count":14,"href":"https:\/\/www.leca.es\/la\/wp-json\/wp\/v2\/pages\/3185\/revisions"}],"predecessor-version":[{"id":4160,"href":"https:\/\/www.leca.es\/la\/wp-json\/wp\/v2\/pages\/3185\/revisions\/4160"}],"up":[{"embeddable":true,"href":"https:\/\/www.leca.es\/la\/wp-json\/wp\/v2\/pages\/3211"}],"wp:attachment":[{"href":"https:\/\/www.leca.es\/la\/wp-json\/wp\/v2\/media?parent=3185"}],"curies":[{"name":"wp","href":"https:\/\/api.w.org\/{rel}","templated":true}]}}