{"id":3170,"date":"2017-08-23T06:32:46","date_gmt":"2017-08-23T06:32:46","guid":{"rendered":"http:\/\/www.leca.es\/productos-leca\/otros-campos\/dosificador-de-caudal-multicanal\/"},"modified":"2017-11-22T16:15:52","modified_gmt":"2017-11-22T16:15:52","slug":"dosificador-de-caudal-multicanal","status":"publish","type":"page","link":"https:\/\/www.leca.es\/la\/productos-leca\/otros-campos\/dosificador-de-caudal-multicanal\/","title":{"rendered":"Dosificador de Caudal Multicanal"},"content":{"rendered":"<p>[vc_row][vc_column width=&#8221;1\/4&#8243;][vc_wp_custommenu nav_menu=&#8221;22&#8243;][\/vc_column][vc_column width=&#8221;3\/4&#8243;][vc_column_text]<\/p>\n<h2>CANTABRIA CA2001\/C y CA2002\/C<\/h2>\n<p><a href=\"\/wp-content\/uploads\/2017\/02\/CA2001-C.png\" rel=\"lightbox\" data-rel=\"lightbox-image-0\" data-rl_title=\"\" data-rl_caption=\"\"><img loading=\"lazy\" decoding=\"async\" class=\"alignleft size-medium\" title=\"\" src=\"\/wp-content\/uploads\/2017\/02\/CA2001-C.png\" width=\"300\" height=\"167\" \/><\/a>Los\u00a0Equipos de las series CA2001\/C Y \/C est\u00e1n pensados para automatizar sistemas de dosificaci\u00f3n por contador hasta un total de 20 productos con ajuste fino de dosificaci\u00f3n y control autom\u00e1tico de la bomba impulsora.<\/p>\n<p>Para el conteo el equipo permite la selecci\u00f3n de un contador independiente por producto o bien contador \u00fanico.<\/p>\n<p>En pantalla se presenta sin\u00f3ptico animado en el que se indica n\u00famero de producto que se est\u00e1 dosificando, peso total en bascula, ciclo realiz\u00e1ndose y mensaje del estado productivo.<\/p>\n<p>Sus nueve peticiones remotas y su programa de control los hacen ideales tambi\u00e9n para aplicaciones en las que se deseen una dosificaci\u00f3n remota.<\/p>\n<p><strong>Caracter\u00edsticas principales:<\/strong><\/p>\n<ul>\n<li>Dosificaci\u00f3n \u00a0de 10 elementos a doble velocidad en modelo CA2001<\/li>\n<li>Dosificaci\u00f3n \u00a0de 20 elementos a doble velocidad en modelo CA2002<\/li>\n<li>Conexi\u00f3n a impresora para realizaci\u00f3n de listados<\/li>\n<\/ul>\n<p>[\/vc_column_text][\/vc_column][\/vc_row]<\/p>\n","protected":false},"excerpt":{"rendered":"<p>[vc_row][vc_column width=&#8221;1\/4&#8243;][vc_wp_custommenu nav_menu=&#8221;22&#8243;][\/vc_column][vc_column width=&#8221;3\/4&#8243;][vc_column_text] CANTABRIA CA2001\/C y CA2002\/C Los\u00a0Equipos de las series CA2001\/C Y \/C est\u00e1n pensados para automatizar sistemas de dosificaci\u00f3n por contador hasta un total de 20 productos con ajuste fino de dosificaci\u00f3n y control autom\u00e1tico de la bomba impulsora. Para el conteo el equipo permite la selecci\u00f3n de un contador independiente por [&hellip;]<\/p>\n","protected":false},"author":13,"featured_media":0,"parent":3169,"menu_order":0,"comment_status":"closed","ping_status":"closed","template":"","meta":{"footnotes":""},"class_list":["post-3170","page","type-page","status-publish","hentry","invicta_simple_style_entry"],"_links":{"self":[{"href":"https:\/\/www.leca.es\/la\/wp-json\/wp\/v2\/pages\/3170","targetHints":{"allow":["GET"]}}],"collection":[{"href":"https:\/\/www.leca.es\/la\/wp-json\/wp\/v2\/pages"}],"about":[{"href":"https:\/\/www.leca.es\/la\/wp-json\/wp\/v2\/types\/page"}],"author":[{"embeddable":true,"href":"https:\/\/www.leca.es\/la\/wp-json\/wp\/v2\/users\/13"}],"replies":[{"embeddable":true,"href":"https:\/\/www.leca.es\/la\/wp-json\/wp\/v2\/comments?post=3170"}],"version-history":[{"count":5,"href":"https:\/\/www.leca.es\/la\/wp-json\/wp\/v2\/pages\/3170\/revisions"}],"predecessor-version":[{"id":4173,"href":"https:\/\/www.leca.es\/la\/wp-json\/wp\/v2\/pages\/3170\/revisions\/4173"}],"up":[{"embeddable":true,"href":"https:\/\/www.leca.es\/la\/wp-json\/wp\/v2\/pages\/3169"}],"wp:attachment":[{"href":"https:\/\/www.leca.es\/la\/wp-json\/wp\/v2\/media?parent=3170"}],"curies":[{"name":"wp","href":"https:\/\/api.w.org\/{rel}","templated":true}]}}