{"id":3158,"date":"2017-08-23T06:13:39","date_gmt":"2017-08-23T06:13:39","guid":{"rendered":"http:\/\/www.leca.es\/automatizacion-gestion-planta-hormigon\/"},"modified":"2017-11-15T18:29:36","modified_gmt":"2017-11-15T18:29:36","slug":"automatizacion-gestion-planta-concreto","status":"publish","type":"page","link":"https:\/\/www.leca.es\/la\/info-comercial\/automatizacion-gestion-planta-concreto\/","title":{"rendered":"Automatizaci\u00f3n Gesti\u00f3n Planta Concreto"},"content":{"rendered":"<p>[vc_row][vc_column width=&#8221;1\/4&#8243;][vc_wp_custommenu nav_menu=&#8221;12&#8243;][\/vc_column][vc_column width=&#8221;3\/4&#8243;]<div class=\"invicta_heading wpb_content_element\"><div class=\"primary\">El Equipo de Dosificaci\u00f3n <span class=\"accentcolor-text\">Modelo Cantabria<\/span><\/div><\/div>[vc_column_text]El equipo CANTABRIA es el encargado de la dosificaci\u00f3n, descarga de productos y automatizaci\u00f3n de la central de concreto (amasadora, cintas transportadoras,\u00a0 skyp) incluyendo el sistema de llenado de \u00e1ridos. Es un equipo est\u00e1ndar que se adapta a cualquier planta y es totalmente configurable por el usuario desde la aplicaci\u00f3n para PC\u00a0 <strong>Wconfig<\/strong>, que se entrega de forma gratuita.<\/p>\n<p>El equipo <strong>CANTABRIA,\u00a0 <\/strong>se conecta al programa de gesti\u00f3n GestecNet\u00a0 mediante su puerto de salida RS232, pero puede ser integrado en una red local empleando el m\u00f3dulo <strong>MCR-2008<\/strong> pudiendo as\u00ed manejar el equipo desde cualquier PC. Si se dispone de conexi\u00f3n a Internet, se puede acceder a \u00e9l de forma remota y realizar diferentes acciones de mantenimiento: Calibraci\u00f3n b\u00e1sculas, recuperaci\u00f3n de la configuraci\u00f3n del equipo, mantenimientos remotos, etc.<\/p>\n<p>En caso de mal funcionamiento del PC, puede trabajar en modo aut\u00f3nomo, con lo cual la producci\u00f3n de concreto en planta no se ve afectada.<\/p>\n<p><a href=\"\/wp-content\/uploads\/2016\/01\/pesaje-y-automatizacion-modulo-de-red-leca.png\" rel=\"lightbox\" data-rel=\"lightbox-image-0\" data-rl_title=\"\" data-rl_caption=\"\"><img loading=\"lazy\" decoding=\"async\" class=\"alignright\" title=\"\" src=\"\/wp-content\/uploads\/2016\/01\/pesaje-y-automatizacion-modulo-de-red-leca.png\" alt=\"Pesaje y automatizacion modulo de red leca\" width=\"259\" height=\"194\" \/><\/a>El equipo STANDARD controla 4 dosificadores que pueden trabajar seg\u00fan configuraci\u00f3n: Por peso, por p\u00e9rdida de peso, por contador o\u00a0 por dosificador por tiempo. La versi\u00f3n superior llega a manejar hasta ocho dosificadores.<\/p>\n<p>Cada dosificador\u00a0 controla hasta un m\u00e1ximo de seis productos (doce en la versi\u00f3n superior), con posibilidad de dosificaci\u00f3n por afine de tipo seleccionable y ajustable por el usuario (Doble velocidad, doble casco, apertura y cierre por intermitencia del casco\u2026). La m\u00e1xima precisi\u00f3n en la dosificaci\u00f3n del producto est\u00e1 garantizada mediante el c\u00e1lculo din\u00e1mico de la cantidad de material en vuelo.<\/p>\n<p><a href=\"\/wp-content\/uploads\/2016\/04\/equipo-dosificador-modelo-cantabria-leca.png\" rel=\"lightbox\" data-rel=\"lightbox-image-1\" data-rl_title=\"\" data-rl_caption=\"\"><img loading=\"lazy\" decoding=\"async\" class=\"alignleft\" title=\"\" src=\"\/wp-content\/uploads\/2016\/04\/equipo-dosificador-modelo-cantabria-leca.png\" alt=\"equipo-dosificador-modelo-cantabria-leca\" width=\"379\" height=\"396\" \/><\/a>Para garantizar la ca\u00edda de material, el equipo Cantabria controla los vibradores de carga o descarga instalados en la planta hasta un m\u00e1ximo de uno por producto. Estos vibradores se activan de forma autom\u00e1tica al detectarse un caudal de carga o de descarga del producto inferior al programado. El tiempo de retardo de actuaci\u00f3n, conexi\u00f3n y reposo (intermitencia) de los vibradores es configurable.<\/p>\n<p>La configuraci\u00f3n del equipo se realiza desde el programa \u201cWINCONFIG\u201d que permite adem\u00e1s realizar una COPIA DE SEGURIDAD de la estructura y parametrizaci\u00f3n de la planta incluidos los tiempos de proceso y calibraci\u00f3n de las b\u00e1sculas. En caso de aver\u00eda solo es necesario sustituir el equipo averiado\u00a0 por otro y traspasar\u00a0 la configuraci\u00f3n desde el PC, para iniciar de nuevo la producci\u00f3n de concreto . Ni siquiera es necesario volver a calibrar b\u00e1sculas. Este proceso de cambio como se observa es muy sencillo por lo que no requiere de personal especializado.<\/p>\n<p>En instalaciones donde por la cantidad de elementos a controlar se necesiten m\u00e1s de 24 entradas o 32 salidas como ofrece el\u00a0 equipo CANTABRIA, el equipo es ampliable mediante los m\u00f3dulos externos I\/O.[\/vc_column_text]<div class=\"invicta_heading wpb_content_element\"><div class=\"primary\">Otros <span class=\"accentcolor-text\">equipos<\/span> de <span class=\"accentcolor-text\">control<\/span><\/div><\/div>[vc_column_text]Adem\u00e1s del equipo dosificaci\u00f3n Cantabria y sus m\u00f3dulos de ampliaci\u00f3n de entradas y salidas, el programa GestecNet admite un sinf\u00edn de perif\u00e9ricos entre los que cabe destacar el m\u00f3dulo de lectura de sondas medidoras de humedad, temperatura y humedad relativa del aire y equipo de c\u00e1lculo de la densidad del agua reciclada.<\/p>\n<p><a href=\"\/wp-content\/uploads\/2016\/01\/agua-reciclada-medicion-densidad-leca-01.png\" rel=\"lightbox\" data-rel=\"lightbox-image-2\" data-rl_title=\"\" data-rl_caption=\"\"><img loading=\"lazy\" decoding=\"async\" class=\"alignleft\" title=\"\" src=\"\/wp-content\/uploads\/2016\/01\/agua-reciclada-medicion-densidad-leca-01.png\" alt=\"agua-reciclada-medicion-densidad-leca-01\" width=\"195\" height=\"297\" \/><\/a><a href=\"\/wp-content\/uploads\/2016\/04\/equipo_medicion_densidad_agua_reciclada_leca.png\" rel=\"lightbox\" data-rel=\"lightbox-image-3\" data-rl_title=\"\" data-rl_caption=\"\" title=\"\"><img loading=\"lazy\" decoding=\"async\" class=\"alignright\" src=\"\/wp-content\/uploads\/2016\/04\/equipo_medicion_densidad_agua_reciclada_leca.png\" alt=\"equipo_medicion_densidad_agua_reciclada_leca\" width=\"139\" height=\"237\" \/><\/a>El equipo <strong>BADEN-2005<\/strong> se ha dise\u00f1ado para obtener la<strong> DENSIDAD DEL AGUA RECICLADA <\/strong>\u00a0mediante el pesaje de la misma. Se presenta como un conjunto compacto formado por una b\u00e1scula de 50 litros y un cuadro de control en el que se incluye, adem\u00e1s del cuadro de \u00a0instalaci\u00f3n neum\u00e1tico y el\u00e9ctrico, el <strong>equipo DNS-2005,<\/strong> encargado de la automatizaci\u00f3n de los procesos de la b\u00e1scula.<\/p>\n<p>El conjunto se entrega preinstalado de tal forma que solo es necesaria la alimentaci\u00f3n de tensi\u00f3n y la toma de aire comprimido para apertura y cierre de las v\u00e1lvulas.<\/p>\n<p>El sistema dispone adem\u00e1s de salida libre de potencial para la conexi\u00f3n de bombas de agua y agitadores de la balsa.<\/p>\n<p>Mediante el empleo de sondas <strong>\u00a0<\/strong>de <strong>MEDICI\u00d3N DE LA HUMEDAD<\/strong> por microondas conseguimos un c\u00e1lculo real del agua de ciclo adem\u00e1s de una correcci\u00f3n del peso del material en funci\u00f3n de la humedad obtenida.<\/p>\n<p>Si el agua a descontar es en parte o total agua reciclada, se tendr\u00e1 en cuenta en el c\u00e1lculo de la cantidad a restar la cantidad de residuo s\u00f3lido que contiene la misma.<\/p>\n<p>El medidor de <strong>TEMPERATURA Y HUMEDAD RELATIVA DEL AIRE<\/strong>, <strong>THAR-200<\/strong> nos permite saber e imprimir en el gu\u00eda de carga la temperatura del aire y la humedad relativa del mismo. Garantice al cliente que su fabricaci\u00f3n se ha realizado en un margen de temperaturas que no afectan a la calidad del producto fabricado.<\/p>\n<p>Este dispositivo es de tipo inal\u00e1mbrico y alimentado mediante pilas. Puede por tanto instal\u00e1rselo usted mismo cuando lo desee y elegir el punto de situaci\u00f3n m\u00e1s propicio al resguardo del sol directo.<\/p>\n<p>El equipo <strong>SILOPRES<\/strong> es el encargado de controlar el llenado de los silos de cemento. Silopres es un equipo aut\u00f3nomo que mediante una valvula neum\u00e1tica instalada en el tubo de llenado del silo de cemento, controla, la presi\u00f3n de llenado del silo y el nivel de llenado maximo. En caso de silo lleno o exceso de presi\u00f3n, el equipo conecta una alarma de aviso e impide la continuaci\u00f3n de la carga. El equipo Silopres pone adem\u00e1s en marcha los vibradores de los filtros de mangas con el fin de que se produzca la limpieza de los mismos.[\/vc_column_text]<div class=\"invicta_heading wpb_content_element\"><div class=\"primary\">Programa <span class=\"accentcolor-text\">GESTECNET<\/span><\/div><\/div>[vc_column_text]El programa GestecNET junto al equipo de dosificaci\u00f3n\u00a0 Cantabria\u00a0 forma una soluci\u00f3n pr\u00e1ctica y vanguardista para la automatizaci\u00f3n y gesti\u00f3n de sus plantas de concreto.<\/p>\n<p><a href=\"\/wp-content\/uploads\/2016\/03\/programa_gestion_de_planta_gestecNET_LECA-300x226.png\" rel=\"lightbox\" data-rel=\"lightbox-image-4\" data-rl_title=\"\" data-rl_caption=\"\"><img decoding=\"async\" class=\"alignright\" title=\"\" src=\"\/wp-content\/uploads\/2016\/03\/programa_gestion_de_planta_gestecNET_LECA-300x226.png\" alt=\"Programa gestion de planta gestecNET LECA\" width=\"370\" \/><\/a>Una caracter\u00edstica destacada del este programa, es que \u00a0esta aplicaci\u00f3n est\u00e1 desarrollada en entorno Web y tecnolog\u00eda Microsoft.NET por lo que el acceso a los datos se puede realizar a trav\u00e9s de internet.<\/p>\n<p>Aunque la aplicaci\u00f3n es de tipo Web, la instalaci\u00f3n de la aplicaci\u00f3n se realiza en el ordenador local de la planta. Para trabajar con el programa se utiliza el navegador Internet Explorer ya preinstalado en la m\u00e1quina. Esto permite a la planta funcionar con el programa de forma aut\u00f3noma pero tambi\u00e9n conectarse a la misma de forma remota desde cualquier terminal con conexi\u00f3n a Internet o por conexi\u00f3n por cable (LAN). Podemos por tanto crear en local tantos puestos de trabajo como queramos, para realizar diferentes labores de producci\u00f3n o en remoto para variar las formulas, gestionar cualquier dato, por ejemplo el riesgo a cliente y bloqueo del suministro de concreto al mismo.<\/p>\n<p><a href=\"\/wp-content\/uploads\/2016\/03\/programa_gestion_monit_plus_leca-1.png\" rel=\"lightbox\" data-rel=\"lightbox-image-5\" data-rl_title=\"\" data-rl_caption=\"\"><img decoding=\"async\" class=\"size-full alignleft\" title=\"\" src=\"\/wp-content\/uploads\/2016\/03\/programa_gestion_monit_plus_leca-1.png\" alt=\"programa_gestion_monit_plus_leca\" width=\"370\" \/><\/a>Si se dispone de conexi\u00f3n a internet, una vez instalado y parametrizado el programa GestecNet Server, mediante el programa de replicaci\u00f3n, desarrollado por \u00a0nuestra empresa y basado en copias espejo, podremos centralizar toda la informaci\u00f3n en la oficina.<\/p>\n<p>Mientras no haya ning\u00fan fallo de conexi\u00f3n entre la planta y la oficina central, los datos generados en la planta se replican a la base de datos de la central y viceversa. En caso de fallo de conexi\u00f3n, la planta sigue trabajando aliment\u00e1ndose de sus datos en local y al volver a reestablecerse la comunicaci\u00f3n se produce una actualizaci\u00f3n autom\u00e1tica de los datos tanto en planta como en central.<\/p>\n<p>Las plantas adem\u00e1s env\u00edan de forma continua al programa GestecNet Server, datos del estado de la planta y lo que est\u00e1 haciendo. Estos datos una vez decodificados permite a un usuario autorizado visualizar en tiempo real lo que est\u00e1 fabricando la planta.<\/p>\n<p>Si un usuario autorizado se encuentra fuera de la oficina, puesto que el programa est\u00e1 realizado en entorno Web, disponiendo de un tel\u00e9fono de alta gama, Tablet o PC con acceso a internet puede conectarse al servidor central o a cualquier planta y realizar cualquier operaci\u00f3n.<\/p>\n<p>El programa dispone de un m\u00f3dulo actualizador denominado APL que se encarga de verificar si existen actualizaciones en los servidores de nuestra empresa o bien si el cliente lo desea en su propio servidor (Parametrizable). Las actualizaciones pueden realizarse de forma autom\u00e1tica o bien por la noche. En este caso el programa se encarga de supervisar que la actualizaci\u00f3n finalice de forma correcta y de apagar el ordenador al finalizar el proceso.[\/vc_column_text]<div class=\"invicta_heading wpb_content_element\"><div class=\"primary\">M\u00f3dulos del programa <span class=\"accentcolor-text\">GESTECNET<\/span><\/div><\/div>[vc_column_text]<\/p>\n<h3>M\u00f3dulo de precarga<\/h3>\n<p>El programa GestecNet dispone de una funci\u00f3n de preparaci\u00f3n de cargas que permite al operario de la planta o usuario remoto introducir datos de nuevas cargas, incluyendo si se desea el cami\u00f3n que la va a transportar.<br \/>\nEsto permite adem\u00e1s de aumentar la producci\u00f3n, que los conductores de los camiones seleccionen las producciones asignadas para ellos. En este caso se instala al lado de la boca de carga, un sistema de inicio de descarga y paro de dosificaci\u00f3n.<\/p>\n<h3><img loading=\"lazy\" decoding=\"async\" class=\"size-full wp-image-929 aligncenter\" src=\"\/wp-content\/uploads\/2016\/04\/modulos_del_programa_gestecnet_modulo_precarga.png\" alt=\"modulos_del_programa_gestecnet_modulo_precarga\" width=\"848\" height=\"94\" \/><\/h3>\n<h3>M\u00f3dulo MultiCarga<\/h3>\n<p><a href=\"\/wp-content\/uploads\/2016\/04\/modulos_del_programa_gestecnet_modulo_multicarga.png\" rel=\"lightbox\" data-rel=\"lightbox-image-6\" data-rl_title=\"\" data-rl_caption=\"\"><img decoding=\"async\" class=\" wp-image-930 alignright\" title=\"\" src=\"\/wp-content\/uploads\/2016\/04\/modulos_del_programa_gestecnet_modulo_multicarga.png\" alt=\"modulos del programa gestecnet modulo multicarga\" width=\"350\" \/><\/a>El programa permite lanzar m\u00e1s de una carga al equipo de producci\u00f3n Cantabria de tal forma que se inicie el proceso de la nueva carga en el momento en que la b\u00e1scula correspondiente est\u00e1 vac\u00eda. Para evitar la posible descarga en el suelo se ha previsto un mensaje en pantalla de validaci\u00f3n del inicio de descarga a cami\u00f3n.<\/p>\n<h3>M\u00f3dulo control de premezclado y velocidad de descarga<\/h3>\n<p>Para plantas sin amasadora se puede parametrizar hasta diez tipos de forma de premezclado de la descarga en funci\u00f3n de la formula dosificada y diez velocidades de descarga en funci\u00f3n del cami\u00f3n que va a transportar el concreto.<\/p>\n<h3>M\u00f3dulo de traspaso de datos entre GestecNet y programa facturaci\u00f3n<\/h3>\n<p>GestecNet para importar datos de aplicaciones externas de facturaci\u00f3n, dispone de unas tablas de importaci\u00f3n espec\u00edficas en el programa. Estas tablas est\u00e1n siempre vac\u00edas, y cuando una aplicaci\u00f3n escribe informaci\u00f3n en ellas, GestecNet la procesa, la incorpora a sus tablas y finalmente, borra los registros de entrada.<\/p>\n<p>GestecNET para la exportaci\u00f3n, dispone de unas vistas de gu\u00edas de compras y de ventas que pueden ser le\u00eddas por una aplicaci\u00f3n externa. Todas las vistas tienen un campo con nombre &#8220;Exportado&#8221; que puede ser utilizado por la aplicaci\u00f3n externa para marcar que datos ya han sido le\u00eddos y procesados por la misma.<\/p>\n<p>Si solo se desea traspasar la producci\u00f3n, GestecNet dispone de un m\u00f3dulo de traspaso de nombre ExpoNet que permite la selecci\u00f3n de los campos a exportar, el orden y el formato (Excel, TXT.) entre otros par\u00e1metros.<\/p>\n<hr \/>\n<h3>M\u00f3dulo de control de fraude<\/h3>\n<p><img loading=\"lazy\" decoding=\"async\" class=\"size-full wp-image-938 alignleft\" src=\"\/wp-content\/uploads\/2016\/04\/modulos_del_programa_gestecnet_modulo_control_de_fraude.png\" alt=\"modulos_del_programa_gestecnet_modulo_control_de_fraude\" width=\"203\" height=\"129\" \/>Para evitar el fraude, el programa GestecNet supervisa de forma constante el estado de las b\u00e1sculas. Al producirse un incremento de peso de una b\u00e1scula, GestecNet, env\u00eda al servidor el valor de la carga manual realizada con fecha y hora de la misma. En caso de conexi\u00f3n y\/o desconexi\u00f3n o puesta a cero (Reset) del programa tambi\u00e9n env\u00eda al servidor fecha y hora del proceso realizado.<\/p>\n<p>&nbsp;<\/p>\n<p>&nbsp;<\/p>\n<h3>MANTENET.- M\u00f3dulo de mantenimiento de planta<\/h3>\n<p><a href=\"\/wp-content\/uploads\/2016\/04\/modulos_del_programa_gestecnet_modulo_mantenet.png\" rel=\"lightbox\" data-rel=\"lightbox-image-7\" data-rl_title=\"\" data-rl_caption=\"\"><img decoding=\"async\" class=\" alignleft\" title=\"\" src=\"\/wp-content\/uploads\/2016\/04\/modulos_del_programa_gestecnet_modulo_mantenet.png\" alt=\"modulos_del_programa_gestecnet_modulo_mantenet\" width=\"340\" \/><\/a>El m\u00f3dulo de mantenimiento de planta Mantenet incluido en el programa GestecNet, permite a la empresa gestionar el mantenimiento de la instalaci\u00f3n de forma autom\u00e1tica.<br \/>\nEn este m\u00f3dulo podemos seleccionar los mantenimientos a realizar de los diferentes elementos de la planta por periodos de tiempo, horas de funcionamiento o n\u00famero de conexiones.<br \/>\nAl llegar a la previsi\u00f3n de mantenimiento establecido, el programa manda emails a las personas o empresas dadas de alta para realizar ese mantenimiento.<br \/>\nPara cada elemento de la planta el m\u00f3dulo de mantenimiento, permite incluir documentos, de informaci\u00f3n sobre la realizaci\u00f3n del mantenimiento y ficha final del mantenimiento ha realizado.<\/p>\n<p>&nbsp;<\/p>\n<hr \/>\n<h3>WIN-TIME.- Control de procesos de producci\u00f3n<\/h3>\n<p><a href=\"\/wp-content\/uploads\/2016\/04\/modulos_del_programa_gestecnet_modulo_win_time.png\" rel=\"lightbox\" data-rel=\"lightbox-image-8\" data-rl_title=\"\" data-rl_caption=\"\"><img decoding=\"async\" class=\"size-full alignleft\" title=\"\" src=\"\/wp-content\/uploads\/2016\/04\/modulos_del_programa_gestecnet_modulo_win_time.png\" alt=\"modulos del programa gestecnet modulo win-time\" width=\"340\" \/><\/a>El programa WIN-TIME realiza un registro autom\u00e1tico en formato Excel o Access de tiempos de planta, o tiempos de puesta en marcha y parada de los diferentes elementos que componen la central de concreto de tal forma que se obtiene un diagrama completo de la producci\u00f3n del concreto.<\/p>\n<p>En el documento creado se refleja los pesos te\u00f3ricos, los errores de dosificaci\u00f3n, el tiempo de carga y el ciclo de carga.<br \/>\nPara la amasadora se guarda el tiempo de amasadora en marcha, el de amasado, y el de vaciado.<br \/>\nPara los vibradores, cintas, se graba el tiempo que est\u00e1n en marcha y el n\u00famero de conexiones que realizan los diferentes elementos por ciclo.<\/p>\n<hr \/>\n<h3>GESTECMOBILE.- Aplicaci\u00f3n m\u00f3vil para GestecNet<\/h3>\n<p><a href=\"\/wp-content\/uploads\/2016\/04\/modulos_del_programa_gestecnet_modulo_gestecmobile.png\" rel=\"lightbox\" data-rel=\"lightbox-image-9\" data-rl_title=\"\" data-rl_caption=\"\"><img decoding=\"async\" class=\"size-full alignleft\" title=\"\" src=\"\/wp-content\/uploads\/2016\/04\/modulos_del_programa_gestecnet_modulo_gestecmobile.png\" alt=\"modulos_del_programa_gestecnet_modulo_gestecmobile\" width=\"340\" \/><\/a>Junto con el programa GestecNet, se entrega de forma gratuita la aplicaci\u00f3n GestecMobile.<\/p>\n<p>Con esta aplicaci\u00f3n tendr\u00e1 al alcance de su mano sus plantas de concreto y podr\u00e1 consultar datos de producci\u00f3n, modificar formulas o bloquear el suministro de concreto a clientes entre otras opciones.<\/p>\n<p>Vea en tiempo real el mismo sin\u00f3ptico Web que puede ver desde su puesto de trabajo en la central. Sepa cu\u00e1l ha sido la producci\u00f3n total de su empresa a final del d\u00eda.[\/vc_column_text][\/vc_column][\/vc_row]<\/p>\n","protected":false},"excerpt":{"rendered":"<p>[vc_row][vc_column width=&#8221;1\/4&#8243;][vc_wp_custommenu nav_menu=&#8221;12&#8243;][\/vc_column][vc_column width=&#8221;3\/4&#8243;][vc_column_text]El equipo CANTABRIA es el encargado de la dosificaci\u00f3n, descarga de productos y automatizaci\u00f3n de la central de concreto (amasadora, cintas transportadoras,\u00a0 skyp) incluyendo el sistema de llenado de \u00e1ridos. Es un equipo est\u00e1ndar que se adapta a cualquier planta y es totalmente configurable por el usuario desde la aplicaci\u00f3n para PC\u00a0 [&hellip;]<\/p>\n","protected":false},"author":1,"featured_media":0,"parent":3166,"menu_order":0,"comment_status":"closed","ping_status":"closed","template":"","meta":{"footnotes":""},"class_list":["post-3158","page","type-page","status-publish","hentry","invicta_simple_style_entry"],"_links":{"self":[{"href":"https:\/\/www.leca.es\/la\/wp-json\/wp\/v2\/pages\/3158","targetHints":{"allow":["GET"]}}],"collection":[{"href":"https:\/\/www.leca.es\/la\/wp-json\/wp\/v2\/pages"}],"about":[{"href":"https:\/\/www.leca.es\/la\/wp-json\/wp\/v2\/types\/page"}],"author":[{"embeddable":true,"href":"https:\/\/www.leca.es\/la\/wp-json\/wp\/v2\/users\/1"}],"replies":[{"embeddable":true,"href":"https:\/\/www.leca.es\/la\/wp-json\/wp\/v2\/comments?post=3158"}],"version-history":[{"count":1,"href":"https:\/\/www.leca.es\/la\/wp-json\/wp\/v2\/pages\/3158\/revisions"}],"predecessor-version":[{"id":3836,"href":"https:\/\/www.leca.es\/la\/wp-json\/wp\/v2\/pages\/3158\/revisions\/3836"}],"up":[{"embeddable":true,"href":"https:\/\/www.leca.es\/la\/wp-json\/wp\/v2\/pages\/3166"}],"wp:attachment":[{"href":"https:\/\/www.leca.es\/la\/wp-json\/wp\/v2\/media?parent=3158"}],"curies":[{"name":"wp","href":"https:\/\/api.w.org\/{rel}","templated":true}]}}