{"id":3148,"date":"2017-08-23T05:56:37","date_gmt":"2017-08-23T05:56:37","guid":{"rendered":"http:\/\/www.leca.es\/programa-estadistica-produccion\/"},"modified":"2017-11-15T18:29:34","modified_gmt":"2017-11-15T18:29:34","slug":"programa-estadistica-produccion","status":"publish","type":"page","link":"https:\/\/www.leca.es\/la\/info-comercial\/programa-estadistica-produccion\/","title":{"rendered":"Programa Estad\u00edstica Producci\u00f3n"},"content":{"rendered":"<p>[vc_row][vc_column width=&#8221;1\/4&#8243;][vc_wp_custommenu nav_menu=&#8221;12&#8243;][\/vc_column][vc_column width=&#8221;3\/4&#8243;]<div class=\"invicta_heading wpb_content_element\"><div class=\"primary\">Programa <span class=\"accentcolor-text\">StaNET<\/span><\/div><div class=\"secondary\">Estad\u00edsticas de producci\u00f3n y transporte, An\u00e1lisis de costos y balance de la empresa<br \/>\n<\/div><\/div>[vc_single_image image=&#8221;667&#8243; img_size=&#8221;large&#8221; alignment=&#8221;center&#8221;][vc_column_text]StaNet es un programa de estad\u00edstica y anal\u00edtica realizado espec\u00edficamente para las empresas de concreto, que se alimenta de los datos de las gu\u00edas de despacho, (venta de concreto y entrada de materias primas) guardados en el programa GestecNet y de los datos de gesti\u00f3n de\u00a0 la producci\u00f3n e historial de transporte de concreto existentes en el programa GesproNet.<\/p>\n<p>Mediante estos datos el programa StaNet es capaz de generar desde una simple gr\u00e1fica de producci\u00f3n a un comparativo de resultados entre diferentes periodos de tiempo o plantas y presentarlos en formato tabla o gr\u00e1fica.<\/p>\n<p>Al ser un programa en Web, se pueden realizar consultas en remoto desde cualquier PC que disponga de conexi\u00f3n a Internet.<\/p>\n<p>El programa StaNet es una herramienta de f\u00e1cil utilizaci\u00f3n que ayuda a gestionar su empresa, al alcance de cualquier usuario, independientemente del n\u00famero de plantas que tenga.[\/vc_column_text][\/vc_column][\/vc_row]<\/p>\n","protected":false},"excerpt":{"rendered":"<p>[vc_row][vc_column width=&#8221;1\/4&#8243;][vc_wp_custommenu nav_menu=&#8221;12&#8243;][\/vc_column][vc_column width=&#8221;3\/4&#8243;][vc_single_image image=&#8221;667&#8243; img_size=&#8221;large&#8221; alignment=&#8221;center&#8221;][vc_column_text]StaNet es un programa de estad\u00edstica y anal\u00edtica realizado espec\u00edficamente para las empresas de concreto, que se alimenta de los datos de las gu\u00edas de despacho, (venta de concreto y entrada de materias primas) guardados en el programa GestecNet y de los datos de gesti\u00f3n de\u00a0 la producci\u00f3n e [&hellip;]<\/p>\n","protected":false},"author":1,"featured_media":0,"parent":3166,"menu_order":0,"comment_status":"closed","ping_status":"closed","template":"","meta":{"footnotes":""},"class_list":["post-3148","page","type-page","status-publish","hentry","invicta_simple_style_entry"],"_links":{"self":[{"href":"https:\/\/www.leca.es\/la\/wp-json\/wp\/v2\/pages\/3148","targetHints":{"allow":["GET"]}}],"collection":[{"href":"https:\/\/www.leca.es\/la\/wp-json\/wp\/v2\/pages"}],"about":[{"href":"https:\/\/www.leca.es\/la\/wp-json\/wp\/v2\/types\/page"}],"author":[{"embeddable":true,"href":"https:\/\/www.leca.es\/la\/wp-json\/wp\/v2\/users\/1"}],"replies":[{"embeddable":true,"href":"https:\/\/www.leca.es\/la\/wp-json\/wp\/v2\/comments?post=3148"}],"version-history":[{"count":1,"href":"https:\/\/www.leca.es\/la\/wp-json\/wp\/v2\/pages\/3148\/revisions"}],"predecessor-version":[{"id":3839,"href":"https:\/\/www.leca.es\/la\/wp-json\/wp\/v2\/pages\/3148\/revisions\/3839"}],"up":[{"embeddable":true,"href":"https:\/\/www.leca.es\/la\/wp-json\/wp\/v2\/pages\/3166"}],"wp:attachment":[{"href":"https:\/\/www.leca.es\/la\/wp-json\/wp\/v2\/media?parent=3148"}],"curies":[{"name":"wp","href":"https:\/\/api.w.org\/{rel}","templated":true}]}}