{"id":3116,"date":"2017-08-18T19:42:11","date_gmt":"2017-08-18T19:42:11","guid":{"rendered":"http:\/\/www.leca.es\/contratos\/"},"modified":"2017-11-15T18:30:01","modified_gmt":"2017-11-15T18:30:01","slug":"contratos","status":"publish","type":"page","link":"https:\/\/www.leca.es\/la\/contratos\/","title":{"rendered":"Contratos"},"content":{"rendered":"<p>[vc_row][vc_column width=&#8221;1\/4&#8243;][vc_wp_custommenu nav_menu=&#8221;7&#8243;][\/vc_column][vc_column width=&#8221;3\/4&#8243;][vc_column_text]<img loading=\"lazy\" decoding=\"async\" class=\" wp-image-236 alignleft\" src=\"\/wp-content\/uploads\/2016\/01\/contrato-servicios-mantenimiento-leca.jpg\" alt=\"contrato-servicios-mantenimiento-leca\" width=\"220\" height=\"180\" \/>Si has comprado alg\u00fan programa o servicio de nuestra empresa, felicidades. Ahora toca mantenerlo funcionando. Para ello es necesario actualizarlos de forma peri\u00f3dica, ya que si no realizamos las actualizaciones de los equipos y programas, estos hoy modernos, se convertir\u00e1n con el paso del tiempo en Obsoletos y\/o antiguos.<\/p>\n<p>Los requerimientos m\u00ednimos que esperamos encontrar en cualquier equipo o programa var\u00edan con el tiempo. Las normas de industrializaci\u00f3n, la compatibilidad con los antivirus del mercado o la adaptaci\u00f3n a nuevas plataformas de trabajo hacen necesario realizar procesos de actualizaci\u00f3n.<\/p>\n<p>Por todo ello nuestra empresa pone a tu disposici\u00f3n nuestros contratos de mantenimiento.[\/vc_column_text][vc_toggle title=&#8221;\u00bfTienes dudas en el manejo de los programas y\/o equipos comprados? \u00bfCrees que tienes una aver\u00eda?&#8221;]<\/p>\n<p>Con cualquiera de nuestros contratos est\u00e1 incluida la asistencia telef\u00f3nica.\u00a0Ll\u00e1manos y te atenderemos sin costo adicional.<\/p>\n<p>[\/vc_toggle][vc_toggle title=&#8221;\u00bfC\u00f3mo s\u00e9 que existe una nueva versi\u00f3n?&#8221;]SENCILLO. Si dispones de Internet, los programas se conectan de forma\u00a0autom\u00e1tica a nuestros servidores y verifican si existe una actualizaci\u00f3n,\u00a0Avis\u00e1ndote inmediatamente.[\/vc_toggle][vc_toggle title=&#8221;\u00bfQu\u00e9 pasa si no tengo Internet en planta?&#8221;]<\/p>\n<p>Tengas o no Internet en planta, recibir\u00e1s adem\u00e1s un correo electr\u00f3nico\u00a0avisandote que existe una nueva versi\u00f3n para que la puedas descargar de\u00a0nuestros servidores y actualizarlo en planta.<\/p>\n<p>[\/vc_toggle][vc_toggle title=&#8221;\u00bfQuieres que te realicemos una inspecci\u00f3n peri\u00f3dica de tu instalaci\u00f3n y comprobemos calibraciones de b\u00e1sculas y contadores e instalaci\u00f3n general?&#8221;]<\/p>\n<p>Disponemos de contratos que incluyen adem\u00e1s la verificaci\u00f3n peri\u00f3dica\u00a0de tu instalaci\u00f3n.<\/p>\n<p>[\/vc_toggle][\/vc_column][\/vc_row]<\/p>\n","protected":false},"excerpt":{"rendered":"<p>[vc_row][vc_column width=&#8221;1\/4&#8243;][vc_wp_custommenu nav_menu=&#8221;7&#8243;][\/vc_column][vc_column width=&#8221;3\/4&#8243;][vc_column_text]Si has comprado alg\u00fan programa o servicio de nuestra empresa, felicidades. Ahora toca mantenerlo funcionando. Para ello es necesario actualizarlos de forma peri\u00f3dica, ya que si no realizamos las actualizaciones de los equipos y programas, estos hoy modernos, se convertir\u00e1n con el paso del tiempo en Obsoletos y\/o antiguos. Los requerimientos m\u00ednimos [&hellip;]<\/p>\n","protected":false},"author":1,"featured_media":0,"parent":0,"menu_order":0,"comment_status":"closed","ping_status":"closed","template":"","meta":{"footnotes":""},"class_list":["post-3116","page","type-page","status-publish","hentry","invicta_simple_style_entry"],"_links":{"self":[{"href":"https:\/\/www.leca.es\/la\/wp-json\/wp\/v2\/pages\/3116","targetHints":{"allow":["GET"]}}],"collection":[{"href":"https:\/\/www.leca.es\/la\/wp-json\/wp\/v2\/pages"}],"about":[{"href":"https:\/\/www.leca.es\/la\/wp-json\/wp\/v2\/types\/page"}],"author":[{"embeddable":true,"href":"https:\/\/www.leca.es\/la\/wp-json\/wp\/v2\/users\/1"}],"replies":[{"embeddable":true,"href":"https:\/\/www.leca.es\/la\/wp-json\/wp\/v2\/comments?post=3116"}],"version-history":[{"count":1,"href":"https:\/\/www.leca.es\/la\/wp-json\/wp\/v2\/pages\/3116\/revisions"}],"predecessor-version":[{"id":3824,"href":"https:\/\/www.leca.es\/la\/wp-json\/wp\/v2\/pages\/3116\/revisions\/3824"}],"wp:attachment":[{"href":"https:\/\/www.leca.es\/la\/wp-json\/wp\/v2\/media?parent=3116"}],"curies":[{"name":"wp","href":"https:\/\/api.w.org\/{rel}","templated":true}]}}