{"id":3109,"date":"2017-08-18T18:36:03","date_gmt":"2017-08-18T18:36:03","guid":{"rendered":"http:\/\/www.leca.es\/inicio\/"},"modified":"2017-11-17T11:11:36","modified_gmt":"2017-11-17T11:11:36","slug":"inicio","status":"publish","type":"page","link":"https:\/\/www.leca.es\/la\/inicio\/","title":{"rendered":"Inicio"},"content":{"rendered":"<p>[vc_row][vc_column]<div class=\"invicta_heading wpb_content_element\"><h1 class=\"primary\">Soluciones para el mercado del <span class=\"accentcolor-text\">Concreto<\/span>, <span class=\"accentcolor-text\">Prefabricado <\/span>y <span class=\"accentcolor-text\">Mortero<\/span><\/h1><\/div>[\/vc_column][\/vc_row][vc_row][vc_column width=&#8221;1\/3&#8243;]<div class=\"invicta_iconbox wpb_content_element default\"><a href=\"https:\/\/www.leca.es\/la\/contactar\/\" class=\"icon\" title=\"Learn more about Servicio T\u00e9cnico\"><i class=\"icon-wrench\"><\/i><\/a><div class=\"content\"><a href=\"https:\/\/www.leca.es\/la\/contactar\/\" class=\"title accentcolor-text-on_hover inherit-color\" title=\"Learn more about Servicio T\u00e9cnico\">Servicio T\u00e9cnico<\/a><div class=\"text\">Leca S.L. dispone de un servicio t\u00e9cnico capaz de reparar y actualizar los equipos y\/o programas instalados en su planta.<\/p>\n<p>Nuestro t\u00e9cnico lleva siempre consigo el material necesario para realizar una reparaci\u00f3n directamente en planta. En los casos en los que no se pudiera completar la reparaci\u00f3n, el t\u00e9cnico montador instalar\u00e1 un equipo de reemplazo hasta que el equipo haya sido reparado<\/div><\/div><\/div>[\/vc_column][vc_column width=&#8221;1\/3&#8243;]<div class=\"invicta_iconbox wpb_content_element default\"><a href=\"https:\/\/www.leca.es\/la\/contactar\/\" class=\"icon\" title=\"Learn more about Informaci\u00f3n de Nuestros Productos\"><i class=\"icon-info\"><\/i><\/a><div class=\"content\"><a href=\"https:\/\/www.leca.es\/la\/contactar\/\" class=\"title accentcolor-text-on_hover inherit-color\" title=\"Learn more about Informaci\u00f3n de Nuestros Productos\">Informaci\u00f3n de Nuestros Productos<\/a><div class=\"text\">Leca S.L. realiza equipos robustos y s\u00f3lidos pensando en el usuario final. Nuestros productos pueden ser manipulados por todo tipo de personal, ya que presentan un men\u00fas de trabajo de f\u00e1cil comprensi\u00f3n.<\/p>\n<p>En todos los equipos se incluye un autodiagn\u00f3stico que informar\u00e1 al operador de posibles errores de funcionamiento tanto del equipo como de los diferentes elementos de la instalaci\u00f3n.<br \/>\n<\/div><\/div><\/div>[\/vc_column][vc_column width=&#8221;1\/3&#8243;]<div class=\"invicta_iconbox wpb_content_element default\"><a href=\"https:\/\/www.leca.es\/la\/contactar\/\" class=\"icon\" title=\"Learn more about Contratos a Medida\"><i class=\"icon-book\"><\/i><\/a><div class=\"content\"><a href=\"https:\/\/www.leca.es\/la\/contactar\/\" class=\"title accentcolor-text-on_hover inherit-color\" title=\"Learn more about Contratos a Medida\">Contratos a Medida<\/a><div class=\"text\">Ofrecemos a nuestros clientes contratos de mantenimiento en diferentes modalidades que van desde un contrato b\u00e1sico de mantenimiento de los programas a un contrato en el que se incluye la revisi\u00f3n de planta de forma peri\u00f3dica o la reparaci\u00f3n gratuita de los equipos entre otras caracter\u00edsticas.<\/p>\n<p>Consulte el apartado de contratos para m\u00e1s informaci\u00f3n.<\/div><\/div><\/div>[\/vc_column][\/vc_row]<\/p>\n","protected":false},"excerpt":{"rendered":"<p>[vc_row][vc_column][\/vc_column][\/vc_row][vc_row][vc_column width=&#8221;1\/3&#8243;][\/vc_column][vc_column width=&#8221;1\/3&#8243;][\/vc_column][vc_column width=&#8221;1\/3&#8243;][\/vc_column][\/vc_row]<\/p>\n","protected":false},"author":13,"featured_media":0,"parent":0,"menu_order":0,"comment_status":"closed","ping_status":"closed","template":"","meta":{"footnotes":""},"class_list":["post-3109","page","type-page","status-publish","hentry","invicta_simple_style_entry"],"_links":{"self":[{"href":"https:\/\/www.leca.es\/la\/wp-json\/wp\/v2\/pages\/3109","targetHints":{"allow":["GET"]}}],"collection":[{"href":"https:\/\/www.leca.es\/la\/wp-json\/wp\/v2\/pages"}],"about":[{"href":"https:\/\/www.leca.es\/la\/wp-json\/wp\/v2\/types\/page"}],"author":[{"embeddable":true,"href":"https:\/\/www.leca.es\/la\/wp-json\/wp\/v2\/users\/13"}],"replies":[{"embeddable":true,"href":"https:\/\/www.leca.es\/la\/wp-json\/wp\/v2\/comments?post=3109"}],"version-history":[{"count":1,"href":"https:\/\/www.leca.es\/la\/wp-json\/wp\/v2\/pages\/3109\/revisions"}],"predecessor-version":[{"id":3850,"href":"https:\/\/www.leca.es\/la\/wp-json\/wp\/v2\/pages\/3109\/revisions\/3850"}],"wp:attachment":[{"href":"https:\/\/www.leca.es\/la\/wp-json\/wp\/v2\/media?parent=3109"}],"curies":[{"name":"wp","href":"https:\/\/api.w.org\/{rel}","templated":true}]}}