{"id":3106,"date":"2017-08-18T17:31:00","date_gmt":"2017-08-18T17:31:00","guid":{"rendered":"http:\/\/www.leca.es\/quienes-somos\/"},"modified":"2023-07-07T09:04:46","modified_gmt":"2023-07-07T09:04:46","slug":"quienes-somos","status":"publish","type":"page","link":"https:\/\/www.leca.es\/la\/quienes-somos\/","title":{"rendered":"QUI\u00c9NES SOMOS"},"content":{"rendered":"<p>[vc_row][vc_column][vc_single_image source=&#8221;external_link&#8221; custom_src=&#8221;\/wp-content\/uploads\/2016\/01\/laboratorios_Leca_SL_espana-1024&#215;368.jpg&#8221;][\/vc_column][\/vc_row][vc_row][vc_column][vc_column_text]Laboratorios LECA S.L. lleva m\u00e1s de 20 a\u00f1os trabajando en el \u00e1mbito del <strong>concreto<\/strong>, prefabricado, \u00e1rido y mortero, automatizando e informatizando los procesos industriales desarrollados por las empresas del sector con m\u00e1s de mil instalaciones funcionando en todo el mundo.<\/p>\n<p>La gran experiencia acumulada y la aplicaci\u00f3n de las nuevas tecnolog\u00edas nos ha permitido, crear y ofrecer a nuestros clientes un producto de calidad y prestaciones capaz de solventar en cada momento las necesidades exigidas en el mercado del hormig\u00f3n.<\/p>\n<p>Leca S.L.\u00a0 \u00a0proporciona al cliente un <strong>conjunto de aplicaciones entrelazadas<\/strong>, paquete LECA.NET, con las que se gestiona y controla de forma global los diferentes sectores de la empresa: Producci\u00f3n, calidad, estad\u00edstica, mantenimiento, Gesti\u00f3n de pedidos, control flota de camiones, etc.<\/p>\n<p>Laboratorios LECA S.L. es una empresa certificada ISO 9001<\/p>\n<p><a href=\"https:\/\/www.leca.es\/docs\/policy\/PoliticaCalidadLECA.pdf\" target=\"_blank\" rel=\"noopener\">Ver pol\u00edtica de calidad<\/a><\/p>\n<p>[\/vc_column_text][\/vc_column][\/vc_row]<\/p>\n","protected":false},"excerpt":{"rendered":"<p>[vc_row][vc_column][vc_single_image source=&#8221;external_link&#8221; custom_src=&#8221;\/wp-content\/uploads\/2016\/01\/laboratorios_Leca_SL_espana-1024&#215;368.jpg&#8221;][\/vc_column][\/vc_row][vc_row][vc_column][vc_column_text]Laboratorios LECA S.L. lleva m\u00e1s de 20 a\u00f1os trabajando en el \u00e1mbito del concreto, prefabricado, \u00e1rido y mortero, automatizando e informatizando los procesos industriales desarrollados por las empresas del sector con m\u00e1s de mil instalaciones funcionando en todo el mundo. La gran experiencia acumulada y la aplicaci\u00f3n de las nuevas tecnolog\u00edas nos ha [&hellip;]<\/p>\n","protected":false},"author":13,"featured_media":0,"parent":0,"menu_order":0,"comment_status":"closed","ping_status":"closed","template":"","meta":{"footnotes":""},"class_list":["post-3106","page","type-page","status-publish","hentry","invicta_simple_style_entry"],"_links":{"self":[{"href":"https:\/\/www.leca.es\/la\/wp-json\/wp\/v2\/pages\/3106","targetHints":{"allow":["GET"]}}],"collection":[{"href":"https:\/\/www.leca.es\/la\/wp-json\/wp\/v2\/pages"}],"about":[{"href":"https:\/\/www.leca.es\/la\/wp-json\/wp\/v2\/types\/page"}],"author":[{"embeddable":true,"href":"https:\/\/www.leca.es\/la\/wp-json\/wp\/v2\/users\/13"}],"replies":[{"embeddable":true,"href":"https:\/\/www.leca.es\/la\/wp-json\/wp\/v2\/comments?post=3106"}],"version-history":[{"count":6,"href":"https:\/\/www.leca.es\/la\/wp-json\/wp\/v2\/pages\/3106\/revisions"}],"predecessor-version":[{"id":4709,"href":"https:\/\/www.leca.es\/la\/wp-json\/wp\/v2\/pages\/3106\/revisions\/4709"}],"wp:attachment":[{"href":"https:\/\/www.leca.es\/la\/wp-json\/wp\/v2\/media?parent=3106"}],"curies":[{"name":"wp","href":"https:\/\/api.w.org\/{rel}","templated":true}]}}