{"id":3099,"date":"2017-08-18T16:56:34","date_gmt":"2017-08-18T16:56:34","guid":{"rendered":"http:\/\/www.leca.es\/contrato-de-servicio-cas\/"},"modified":"2017-11-15T18:30:01","modified_gmt":"2017-11-15T18:30:01","slug":"contrato-de-servicio-cas","status":"publish","type":"page","link":"https:\/\/www.leca.es\/la\/contratos\/contrato-de-servicio-cas\/","title":{"rendered":"Contrato de servicio CAS"},"content":{"rendered":"<p>[vc_row][vc_column width=&#8221;1\/4&#8243;][vc_wp_custommenu nav_menu=&#8221;7&#8243;][\/vc_column][vc_column width=&#8221;3\/4&#8243;][vc_text_separator title=&#8221;Caracteristicas contrato de actualizaci\u00f3n y soporte CAS&#8221; title_align=&#8221;separator_align_left&#8221;][vc_column_text]El <strong>contrato CAS<\/strong> es el contrato b\u00e1sico de nuestra empresa. Este contrato garantiza la <strong>actualizaci\u00f3n<\/strong> de las versiones de los equipos as\u00ed como el servicio de <strong>asistencia t\u00e9cnica<\/strong> telef\u00f3nica en caso de presentarse dudas en el manejo de los programas o consultas en caso de funcionamiento incorrecto por parte de los mismos.<\/p>\n<p>Los servicios incluidos dentro de este contrato son:<\/p>\n<ul>\n<li><strong>ACTUALIZACI\u00d3N DEL PROGRAMA<\/strong>. La sustituci\u00f3n de programa(s) por nueva versi\u00f3n actualizada del mismo.<\/li>\n<li><strong>ACTUALIZACI\u00d3N DE LA MEMORIA DEL EQUIPO<\/strong>. Sustituci\u00f3n de la versi\u00f3n del software del equipo(s) microprocesador(es) LECA contratado(s).<\/li>\n<li><strong>SERVICIO SATT <\/strong>(Asistencia t\u00e9cnica telef\u00f3nica). Atenci\u00f3n y soluci\u00f3n de consultas referentes al funcionamiento y operativa de los productos LECA contratados.<\/li>\n<\/ul>\n<p>[\/vc_column_text][vc_text_separator title=&#8221;Exclusiones del contrato&#8221; title_align=&#8221;separator_align_left&#8221;][vc_column_text]<\/p>\n<ul>\n<li><em>Sustituci\u00f3n, reparaci\u00f3n o reposici\u00f3n de los productos incluidos en caso de funcionamiento incorrecto debido a la intervenci\u00f3n o manipulaci\u00f3n efectuada en el mismo por personas no autorizadas por LECA o mal uso demostrado por parte del cliente.<\/em><\/li>\n<li><em>Recuperaci\u00f3n de informaci\u00f3n de soportes magn\u00e9ticos o copias de seguridad en discos, disquetes, etc.<\/em><\/li>\n<li><em>El importe o precio imputable a cualquier material o elemento f\u00edsico no incluido en este contrato, rigiendo en tal supuesto las tarifas establecidas por LECA. \u2022 El cambio de instalaciones de campo y cuadros el\u00e9ctricos.<\/em><\/li>\n<li><em>Los gastos de env\u00edo, portes, desplazamientos, dietas, horas de desplazamiento, hoteles, boletos de viaje, autos de alquiler y materiales necesarios para las intervenciones de t\u00e9cnicos en planta ser\u00e1n siempre a cargo del cliente.<\/em><\/li>\n<\/ul>\n<p>[\/vc_column_text][\/vc_column][\/vc_row]<\/p>\n","protected":false},"excerpt":{"rendered":"<p>[vc_row][vc_column width=&#8221;1\/4&#8243;][vc_wp_custommenu nav_menu=&#8221;7&#8243;][\/vc_column][vc_column width=&#8221;3\/4&#8243;][vc_text_separator title=&#8221;Caracteristicas contrato de actualizaci\u00f3n y soporte CAS&#8221; title_align=&#8221;separator_align_left&#8221;][vc_column_text]El contrato CAS es el contrato b\u00e1sico de nuestra empresa. Este contrato garantiza la actualizaci\u00f3n de las versiones de los equipos as\u00ed como el servicio de asistencia t\u00e9cnica telef\u00f3nica en caso de presentarse dudas en el manejo de los programas o consultas en caso [&hellip;]<\/p>\n","protected":false},"author":1,"featured_media":0,"parent":3116,"menu_order":0,"comment_status":"closed","ping_status":"closed","template":"","meta":{"footnotes":""},"class_list":["post-3099","page","type-page","status-publish","hentry","invicta_simple_style_entry"],"_links":{"self":[{"href":"https:\/\/www.leca.es\/la\/wp-json\/wp\/v2\/pages\/3099","targetHints":{"allow":["GET"]}}],"collection":[{"href":"https:\/\/www.leca.es\/la\/wp-json\/wp\/v2\/pages"}],"about":[{"href":"https:\/\/www.leca.es\/la\/wp-json\/wp\/v2\/types\/page"}],"author":[{"embeddable":true,"href":"https:\/\/www.leca.es\/la\/wp-json\/wp\/v2\/users\/1"}],"replies":[{"embeddable":true,"href":"https:\/\/www.leca.es\/la\/wp-json\/wp\/v2\/comments?post=3099"}],"version-history":[{"count":1,"href":"https:\/\/www.leca.es\/la\/wp-json\/wp\/v2\/pages\/3099\/revisions"}],"predecessor-version":[{"id":3826,"href":"https:\/\/www.leca.es\/la\/wp-json\/wp\/v2\/pages\/3099\/revisions\/3826"}],"up":[{"embeddable":true,"href":"https:\/\/www.leca.es\/la\/wp-json\/wp\/v2\/pages\/3116"}],"wp:attachment":[{"href":"https:\/\/www.leca.es\/la\/wp-json\/wp\/v2\/media?parent=3099"}],"curies":[{"name":"wp","href":"https:\/\/api.w.org\/{rel}","templated":true}]}}