{"id":3093,"date":"2017-08-18T16:27:59","date_gmt":"2017-08-18T16:27:59","guid":{"rendered":"http:\/\/www.leca.es\/contrato-de-servicio-cmpkn\/"},"modified":"2017-11-15T18:29:39","modified_gmt":"2017-11-15T18:29:39","slug":"contrato-de-servicio-cmpkn","status":"publish","type":"page","link":"https:\/\/www.leca.es\/la\/contratos\/contrato-de-servicio-cmpkn\/","title":{"rendered":"Contrato de servicio CMPKN"},"content":{"rendered":"<p>[vc_row][vc_column width=&#8221;1\/4&#8243;][vc_wp_custommenu nav_menu=&#8221;7&#8243;][\/vc_column][vc_column width=&#8221;3\/4&#8243;][vc_text_separator title=&#8221;Caracter\u00edsticas Mantenimiento de planta CMPKN&#8221; title_align=&#8221;separator_align_left&#8221;][vc_column_text]Este contrato est\u00e1 pensado para aquellas empresas que desean adem\u00e1s de mantener los equipos y programas realizar revisiones de la planta de concreto. Mediante estas revisiones se detectaran los posibles fallos o desajustes de la instalaci\u00f3n reparando los mismos si se puede y levantando un documento del estado inicial y final de la planta<\/p>\n<p>Los servicios incluidos en este contrato consistir\u00e1n exclusivamente en:<\/p>\n<ul>\n<li><strong>ACTUALIZACION DEL PROGRAMA<\/strong>. La sustituci\u00f3n de programa(s) \u00a0por nueva versi\u00f3n actualizada del mismo.<\/li>\n<li><strong>ACTUALIZACION DE LA MEMORIA DEL EQUIPO<\/strong>. Sustituci\u00f3n de la versi\u00f3n del software del equipo(s) microprocesador(es) LECA contratado(s).<\/li>\n<li><strong>SERVICIO SATT<\/strong> (Asistencia t\u00e9cnica telef\u00f3nica). Atenci\u00f3n y soluci\u00f3n de consultas referentes al funcionamiento y operativa de los productos LECA contratados.<\/li>\n<li><strong>SERVICIO DE REPARACION<\/strong>. LECA reparar\u00e1 gratuitamente los EQUIPOS incluidos en cada planta contratada especificada en este contrato.<\/li>\n<li><strong>SERVICIO SERPRES. SERVICIO SERPRES<\/strong>. El abonado podr\u00e1 disponer de un EQUIPO sin cargo alguno mientras LECA repara el suyo incluido en este contrato.<\/li>\n<li><strong>REVISI\u00d3N CUATRIMESTRAL<\/strong>. Se realizar\u00e1n revisiones y calibraciones cuatrimestrales de las balanzas de las plantas de concreto incluidas en este contrato.<\/li>\n<\/ul>\n<p>[\/vc_column_text][vc_text_separator title=&#8221;Exclusiones del contrato&#8221; title_align=&#8221;separator_align_left&#8221;][vc_column_text]<\/p>\n<ul>\n<li><em>Sustituci\u00f3n, reparaci\u00f3n o reposici\u00f3n de los productos incluidos en caso de funcionamiento incorrecto debido a la intervenci\u00f3n efectuada en el mismo y por personas no autorizadas por LECA o mal uso demostrado por parte del cliente. <\/em><\/li>\n<li><em>Recuperaci\u00f3n de informaci\u00f3n de soportes magn\u00e9ticos o copias de seguridad en discos, disquetes, etc. <\/em><\/li>\n<li><em>El importe o precio aplicable a cualquier material o elemento f\u00edsico no incluido en este contrato, basandonos en tal supuesto a las tarifas establecidas por LECA. <\/em><\/li>\n<li><em>El cambio de instalaciones de campo y cuadros el\u00e9ctricos. <\/em><\/li>\n<li><em>Los gastos de env\u00edo, portes, desplazamientos, dietas, horas de desplazamiento, hoteles, billetes o boletos de viaje, autos de alquiler y materiales necesarios para las intervenciones de t\u00e9cnicos en planta ser\u00e1n siempre a cargo del cliente.<\/em><\/li>\n<\/ul>\n<p>[\/vc_column_text][\/vc_column][\/vc_row][vc_row][vc_column][\/vc_column][\/vc_row]<\/p>\n","protected":false},"excerpt":{"rendered":"<p>[vc_row][vc_column width=&#8221;1\/4&#8243;][vc_wp_custommenu nav_menu=&#8221;7&#8243;][\/vc_column][vc_column width=&#8221;3\/4&#8243;][vc_text_separator title=&#8221;Caracter\u00edsticas Mantenimiento de planta CMPKN&#8221; title_align=&#8221;separator_align_left&#8221;][vc_column_text]Este contrato est\u00e1 pensado para aquellas empresas que desean adem\u00e1s de mantener los equipos y programas realizar revisiones de la planta de concreto. Mediante estas revisiones se detectaran los posibles fallos o desajustes de la instalaci\u00f3n reparando los mismos si se puede y levantando un documento [&hellip;]<\/p>\n","protected":false},"author":1,"featured_media":0,"parent":3116,"menu_order":0,"comment_status":"closed","ping_status":"closed","template":"","meta":{"footnotes":""},"class_list":["post-3093","page","type-page","status-publish","hentry","invicta_simple_style_entry"],"_links":{"self":[{"href":"https:\/\/www.leca.es\/la\/wp-json\/wp\/v2\/pages\/3093","targetHints":{"allow":["GET"]}}],"collection":[{"href":"https:\/\/www.leca.es\/la\/wp-json\/wp\/v2\/pages"}],"about":[{"href":"https:\/\/www.leca.es\/la\/wp-json\/wp\/v2\/types\/page"}],"author":[{"embeddable":true,"href":"https:\/\/www.leca.es\/la\/wp-json\/wp\/v2\/users\/1"}],"replies":[{"embeddable":true,"href":"https:\/\/www.leca.es\/la\/wp-json\/wp\/v2\/comments?post=3093"}],"version-history":[{"count":1,"href":"https:\/\/www.leca.es\/la\/wp-json\/wp\/v2\/pages\/3093\/revisions"}],"predecessor-version":[{"id":3827,"href":"https:\/\/www.leca.es\/la\/wp-json\/wp\/v2\/pages\/3093\/revisions\/3827"}],"up":[{"embeddable":true,"href":"https:\/\/www.leca.es\/la\/wp-json\/wp\/v2\/pages\/3116"}],"wp:attachment":[{"href":"https:\/\/www.leca.es\/la\/wp-json\/wp\/v2\/media?parent=3093"}],"curies":[{"name":"wp","href":"https:\/\/api.w.org\/{rel}","templated":true}]}}