{"id":2198,"date":"2017-04-04T19:36:57","date_gmt":"2017-04-04T19:36:57","guid":{"rendered":"http:\/\/leca.es\/?page_id=2198\/"},"modified":"2017-11-15T18:32:43","modified_gmt":"2017-11-15T18:32:43","slug":"contract-of-service-cpp","status":"publish","type":"page","link":"https:\/\/www.leca.es\/en\/maintenance-contracts\/contract-of-service-cpp\/","title":{"rendered":"Contract of service CPP"},"content":{"rendered":"<p>[vc_row][vc_column width=&#8221;1\/4&#8243;][vc_wp_custommenu nav_menu=&#8221;7&#8243;][\/vc_column][vc_column width=&#8221;3\/4&#8243;][vc_text_separator title=&#8221;Production Plus CPP Contract&#8221; title_align=&#8221;separator_align_left&#8221;][vc_column_text]This contract includes besides the services offered in the contract CAS the repair of the equipments and programs mounted in the installation. A good way of avoiding the variable expenses that they can present in a company.<\/p>\n<p>The services included in this contract are:<\/p>\n<ul>\n<li><strong>ACTUALIZACI\u00d3N DEL PROGRAMA<\/strong>. La sustituci\u00f3n de programa(s) por nueva versi\u00f3n actualizada del mismo.<\/li>\n<li><strong>ACTUALIZACI\u00d3N DE LA MEMORIA DEL EQUIPO<\/strong>. Sustituci\u00f3n de la versi\u00f3n del software del equipo(s) microprocesador(es) LECA contratado(s).<\/li>\n<li><strong>SERVICIO SATT<\/strong> (Asistencia t\u00e9cnica telef\u00f3nica). Atenci\u00f3n y soluci\u00f3n de consultas referentes al funcionamiento y operativa de los productos LECA contratados.<\/li>\n<li><strong>SERVICIO DE REPARACI\u00d3N<\/strong>. LECA reparar\u00e1 gratuitamente los EQUIPOS y programas incluidos en cada planta contratada especificada en este contrato.<\/li>\n<li><strong>SERVICIO SERPRES<\/strong>. El abonado podr\u00e1 disponer de un EQUIPO sin cargo alguno mientras LECA repara el suyo incluido en este contrato.<\/li>\n<\/ul>\n<p>[\/vc_column_text][vc_text_separator title=&#8221;Exclusiones del Contrato&#8221; title_align=&#8221;separator_align_left&#8221;][vc_column_text]<\/p>\n<ul>\n<li><em>Sustituci\u00f3n, reparaci\u00f3n o reposici\u00f3n de los productos incluidos en caso de funcionamiento incorrecto debido a la intervenci\u00f3n efectuada en el mismo por personas no autorizadas por LECA o mal uso demostrado por parte del cliente.<\/em><\/li>\n<li><em>Equipo irreparable.<\/em><\/li>\n<li><em>Recuperaci\u00f3n de informaci\u00f3n de soportes magn\u00e9ticos o copias de seguridad en discos, disquetes, etc.<\/em><\/li>\n<li><em>El importe o precio imputable a cualquier material o elemento f\u00edsico no incluido en este contrato, rigiendo en tal supuesto las tarifas establecidas por LECA.<\/em><\/li>\n<li><em>El cambio de instalaciones de campo y cuadros el\u00e9ctricos.<\/em><\/li>\n<li><em>Los gastos de env\u00edo, portes, desplazamientos, dietas, horas de desplazamiento, hoteles, billetes de viaje, coches de alquiler y materiales necesarios para las intervenciones de t\u00e9cnicos en planta ser\u00e1n siempre a cargo del cliente.<\/em><\/li>\n<\/ul>\n<p>[\/vc_column_text][\/vc_column][\/vc_row]<\/p>\n","protected":false},"excerpt":{"rendered":"<p>[vc_row][vc_column width=&#8221;1\/4&#8243;][vc_wp_custommenu nav_menu=&#8221;7&#8243;][\/vc_column][vc_column width=&#8221;3\/4&#8243;][vc_text_separator title=&#8221;Production Plus CPP Contract&#8221; title_align=&#8221;separator_align_left&#8221;][vc_column_text]This contract includes besides the services offered in the contract CAS the repair of the equipments and programs mounted in the installation. A good way of avoiding the variable expenses that they can present in a company. The services included in this contract are: ACTUALIZACI\u00d3N DEL PROGRAMA. [&hellip;]<\/p>\n","protected":false},"author":1,"featured_media":0,"parent":1634,"menu_order":0,"comment_status":"closed","ping_status":"closed","template":"","meta":{"footnotes":""},"class_list":["post-2198","page","type-page","status-publish","hentry","invicta_simple_style_entry"],"_links":{"self":[{"href":"https:\/\/www.leca.es\/en\/wp-json\/wp\/v2\/pages\/2198","targetHints":{"allow":["GET"]}}],"collection":[{"href":"https:\/\/www.leca.es\/en\/wp-json\/wp\/v2\/pages"}],"about":[{"href":"https:\/\/www.leca.es\/en\/wp-json\/wp\/v2\/types\/page"}],"author":[{"embeddable":true,"href":"https:\/\/www.leca.es\/en\/wp-json\/wp\/v2\/users\/1"}],"replies":[{"embeddable":true,"href":"https:\/\/www.leca.es\/en\/wp-json\/wp\/v2\/comments?post=2198"}],"version-history":[{"count":1,"href":"https:\/\/www.leca.es\/en\/wp-json\/wp\/v2\/pages\/2198\/revisions"}],"predecessor-version":[{"id":3720,"href":"https:\/\/www.leca.es\/en\/wp-json\/wp\/v2\/pages\/2198\/revisions\/3720"}],"up":[{"embeddable":true,"href":"https:\/\/www.leca.es\/en\/wp-json\/wp\/v2\/pages\/1634"}],"wp:attachment":[{"href":"https:\/\/www.leca.es\/en\/wp-json\/wp\/v2\/media?parent=2198"}],"curies":[{"name":"wp","href":"https:\/\/api.w.org\/{rel}","templated":true}]}}