{"id":2172,"date":"2017-03-24T18:34:54","date_gmt":"2017-03-24T18:34:54","guid":{"rendered":"http:\/\/leca.es\/en\/?page_id=2172"},"modified":"2017-11-15T18:31:36","modified_gmt":"2017-11-15T18:31:36","slug":"ciex-2016","status":"publish","type":"page","link":"https:\/\/www.leca.es\/en\/products\/precast\/automation-and-weighting\/ciex-2016\/","title":{"rendered":"CIEX 2016"},"content":{"rendered":"<p>[vc_row][vc_column width=&#8221;1\/4&#8243;][vc_wp_custommenu nav_menu=&#8221;19&#8243;][\/vc_column][vc_column width=&#8221;3\/4&#8243;][vc_column_text]<\/p>\n<h2>Micromanager CIEX-2016 P<\/h2>\n<p>The equipment Ciex-2016 is a microcomputer that connects with the equipment Cantabria and with the equipments of automatic dosing of water MHA-2005\/A and MHA-2008 in order to be able to realize the complete automation of the manufacturing process and the management of the precast plant without needing to use a computer with a management program.<\/p>\n<p><a href=\"\/wp-content\/uploads\/2017\/03\/Foto-Ciex-prefabricados_en.png\" rel=\"lightbox\" data-rel=\"lightbox-image-0\" data-rl_title=\"\" data-rl_caption=\"\"><img loading=\"lazy\" decoding=\"async\" class=\"alignnone size-full wp-image-2173\" title=\"\" src=\"\/wp-content\/uploads\/2017\/03\/Foto-Ciex-prefabricados_en.png\" width=\"850\" height=\"305\" \/><\/a><\/p>\n<p>Dispone adem\u00e1s de una aplicaci\u00f3n m\u00f3vil compatible con Android y Apple que permite realizar hasta nueve peticiones de hormig\u00f3n (formula y numero de ciclos), variar el agua total del ciclo de forma remota y consultar la producci\u00f3n diaria.<br \/>\nEsta aplicaci\u00f3n puede abrirse por varios usuarios a la vez siempre que est\u00e9n registrados en el sistema.<\/p>\n<p><a href=\"\/wp-content\/uploads\/2017\/03\/Pantallas-CIEXWEB-ENG.png\" rel=\"lightbox\" data-rel=\"lightbox-image-1\" data-rl_title=\"\" data-rl_caption=\"\"><img loading=\"lazy\" decoding=\"async\" class=\"alignnone size-full wp-image-2174\" title=\"\" src=\"\/wp-content\/uploads\/2017\/03\/Pantallas-CIEXWEB-ENG.png\" width=\"748\" height=\"428\" \/><\/a><\/p>\n<p>Mediante un l\u00e1piz de memoria USB el equipo CIEX-2016 realiza la importaci\u00f3n y exportaci\u00f3n en formato Excel de las tablas de producci\u00f3n (Formulas, tipo de cementos, cargas realizadas, consumos por amasada) al equipo Cantabria o del equipo Cantabria al l\u00e1piz de memoria USB seg\u00fan selecci\u00f3n de opci\u00f3n.<br \/>\nEl equipo CIEX-2016 permite la conexi\u00f3n de una impresora para realizar listados e imprimir si se desea la impresi\u00f3n de consumos.<\/p>\n<p><a href=\"\/wp-content\/uploads\/2017\/03\/TABLAS-EXPORTACION-EN.png\" rel=\"lightbox\" data-rel=\"lightbox-image-2\" data-rl_title=\"\" data-rl_caption=\"\"><img loading=\"lazy\" decoding=\"async\" class=\"alignnone size-full wp-image-2175\" title=\"\" src=\"\/wp-content\/uploads\/2017\/03\/TABLAS-EXPORTACION-EN.png\" width=\"900\" height=\"301\" \/><\/a>[\/vc_column_text][\/vc_column][\/vc_row]<\/p>\n","protected":false},"excerpt":{"rendered":"<p>[vc_row][vc_column width=&#8221;1\/4&#8243;][vc_wp_custommenu nav_menu=&#8221;19&#8243;][\/vc_column][vc_column width=&#8221;3\/4&#8243;][vc_column_text] Micromanager CIEX-2016 P The equipment Ciex-2016 is a microcomputer that connects with the equipment Cantabria and with the equipments of automatic dosing of water MHA-2005\/A and MHA-2008 in order to be able to realize the complete automation of the manufacturing process and the management of the precast plant without needing to [&hellip;]<\/p>\n","protected":false},"author":1,"featured_media":0,"parent":1699,"menu_order":0,"comment_status":"closed","ping_status":"closed","template":"","meta":{"footnotes":""},"class_list":["post-2172","page","type-page","status-publish","hentry","invicta_simple_style_entry"],"_links":{"self":[{"href":"https:\/\/www.leca.es\/en\/wp-json\/wp\/v2\/pages\/2172","targetHints":{"allow":["GET"]}}],"collection":[{"href":"https:\/\/www.leca.es\/en\/wp-json\/wp\/v2\/pages"}],"about":[{"href":"https:\/\/www.leca.es\/en\/wp-json\/wp\/v2\/types\/page"}],"author":[{"embeddable":true,"href":"https:\/\/www.leca.es\/en\/wp-json\/wp\/v2\/users\/1"}],"replies":[{"embeddable":true,"href":"https:\/\/www.leca.es\/en\/wp-json\/wp\/v2\/comments?post=2172"}],"version-history":[{"count":1,"href":"https:\/\/www.leca.es\/en\/wp-json\/wp\/v2\/pages\/2172\/revisions"}],"predecessor-version":[{"id":3756,"href":"https:\/\/www.leca.es\/en\/wp-json\/wp\/v2\/pages\/2172\/revisions\/3756"}],"up":[{"embeddable":true,"href":"https:\/\/www.leca.es\/en\/wp-json\/wp\/v2\/pages\/1699"}],"wp:attachment":[{"href":"https:\/\/www.leca.es\/en\/wp-json\/wp\/v2\/media?parent=2172"}],"curies":[{"name":"wp","href":"https:\/\/api.w.org\/{rel}","templated":true}]}}