{"id":1782,"date":"2017-04-04T18:44:35","date_gmt":"2017-04-04T18:44:35","guid":{"rendered":"http:\/\/leca.es\/en\/?page_id=1782"},"modified":"2017-11-15T18:32:04","modified_gmt":"2017-11-15T18:32:04","slug":"concrete-consistency","status":"publish","type":"page","link":"https:\/\/www.leca.es\/en\/products\/concrete\/concrete-plant-automation\/concrete-consistency\/","title":{"rendered":"Concrete Consistency"},"content":{"rendered":"<p>[vc_row][vc_column width=&#8221;1\/4&#8243;][vc_wp_custommenu nav_menu=&#8221;3&#8243;][vc_separator][\/vc_column][vc_column width=&#8221;3\/4&#8243;][vc_column_text css_animation=&#8221;left-to-right&#8221;]<\/p>\n<h2>Measurement of the consistency of the concrete<\/h2>\n<p><a href=\"\/wp-content\/uploads\/2016\/01\/controlador-medicion-consistencia-hormigon-leca.png\" rel=\"lightbox\" data-rel=\"lightbox-image-0\" data-rl_title=\"\" data-rl_caption=\"\"><img loading=\"lazy\" decoding=\"async\" class=\"alignleft\" title=\"\" src=\"\/wp-content\/uploads\/2016\/01\/controlador-medicion-consistencia-hormigon-leca.png\" width=\"250\" height=\"126\" \/><\/a>The equipment <strong>MCH-2005 M<\/strong> is an indicator of the plasticity of high precision of the concrete that works measuring an interval of the power consumed by the engine of the mixer. He has two independent adjustments on a large scale for channel (tare and profit) that allow to shortlist two types of concrete or different volumes.<\/p>\n<p>In the equipment, it is selected for the indication, the part of the scale of power of the engine corresponding to the margin of correct consistency of the concrete and this one is amplified in order that they appreciate the possible the variations of plasticity. To avoid the fluctuations of the measure owed to the movement of the concrete in the mixer, the equipment has a digital filter adjustable for the user.[\/vc_column_text][vc_text_separator title=&#8221;TECHNICAL FEATURES&#8221; title_align=&#8221;separator_align_left&#8221;][vc_column_text]<\/p>\n<ul>\n<li>Continous reading of the consistency of the concrete<\/li>\n<li>Adjustment of the zero of the measure<\/li>\n<li>Adjustment of the profit of the equipment<\/li>\n<li>Adjustment of the oscillation of the measure<\/li>\n<li>Visualizaci\u00f3n para dos vol\u00famenes de hormig\u00f3n (MCH-2005\/M)<\/li>\n<li>Peso aprox.: 1.800 g<\/li>\n<li>Medidas m\u00e1ximas: 288 x 145 x 128 mm<\/li>\n<li>Alimentaci\u00f3n: 220 Vac<\/li>\n<li>Consumo: 120mA<\/li>\n<\/ul>\n<p>[\/vc_column_text][\/vc_column][\/vc_row]<\/p>\n","protected":false},"excerpt":{"rendered":"<p>[vc_row][vc_column width=&#8221;1\/4&#8243;][vc_wp_custommenu nav_menu=&#8221;3&#8243;][vc_separator][\/vc_column][vc_column width=&#8221;3\/4&#8243;][vc_column_text css_animation=&#8221;left-to-right&#8221;] Measurement of the consistency of the concrete The equipment MCH-2005 M is an indicator of the plasticity of high precision of the concrete that works measuring an interval of the power consumed by the engine of the mixer. He has two independent adjustments on a large scale for channel (tare [&hellip;]<\/p>\n","protected":false},"author":1,"featured_media":0,"parent":1582,"menu_order":0,"comment_status":"closed","ping_status":"closed","template":"","meta":{"footnotes":""},"class_list":["post-1782","page","type-page","status-publish","hentry","invicta_simple_style_entry"],"_links":{"self":[{"href":"https:\/\/www.leca.es\/en\/wp-json\/wp\/v2\/pages\/1782","targetHints":{"allow":["GET"]}}],"collection":[{"href":"https:\/\/www.leca.es\/en\/wp-json\/wp\/v2\/pages"}],"about":[{"href":"https:\/\/www.leca.es\/en\/wp-json\/wp\/v2\/types\/page"}],"author":[{"embeddable":true,"href":"https:\/\/www.leca.es\/en\/wp-json\/wp\/v2\/users\/1"}],"replies":[{"embeddable":true,"href":"https:\/\/www.leca.es\/en\/wp-json\/wp\/v2\/comments?post=1782"}],"version-history":[{"count":1,"href":"https:\/\/www.leca.es\/en\/wp-json\/wp\/v2\/pages\/1782\/revisions"}],"predecessor-version":[{"id":3731,"href":"https:\/\/www.leca.es\/en\/wp-json\/wp\/v2\/pages\/1782\/revisions\/3731"}],"up":[{"embeddable":true,"href":"https:\/\/www.leca.es\/en\/wp-json\/wp\/v2\/pages\/1582"}],"wp:attachment":[{"href":"https:\/\/www.leca.es\/en\/wp-json\/wp\/v2\/media?parent=1782"}],"curies":[{"name":"wp","href":"https:\/\/api.w.org\/{rel}","templated":true}]}}